
{"id":25847,"date":"2025-05-11T20:37:49","date_gmt":"2025-05-11T23:37:49","guid":{"rendered":"https:\/\/foxcheats.com.br\/home\/?post_type=product&#038;p=25847"},"modified":"2026-04-12T13:54:02","modified_gmt":"2026-04-12T16:54:02","slug":"valorant-espaim","status":"publish","type":"product","link":"https:\/\/foxcheats.com.br\/home\/product\/valorant-espaim\/","title":{"rendered":"Valorant ESP+AIM"},"content":{"rendered":"\t\t<div data-elementor-type=\"wp-post\" data-elementor-id=\"25847\" class=\"elementor elementor-25847\">\n\t\t\t\t\t\t<section class=\"elementor-section elementor-top-section elementor-element elementor-element-ec46f24 elementor-section-boxed elementor-section-height-default elementor-section-height-default\" data-id=\"ec46f24\" data-element_type=\"section\" data-e-type=\"section\" data-settings=\"{&quot;wdt_bg_image&quot;:{&quot;url&quot;:&quot;&quot;,&quot;id&quot;:&quot;&quot;,&quot;size&quot;:&quot;&quot;},&quot;wdt_bg_image_laptop&quot;:{&quot;url&quot;:&quot;&quot;,&quot;id&quot;:&quot;&quot;,&quot;size&quot;:&quot;&quot;},&quot;wdt_bg_image_tablet_extra&quot;:{&quot;url&quot;:&quot;&quot;,&quot;id&quot;:&quot;&quot;,&quot;size&quot;:&quot;&quot;},&quot;wdt_bg_image_tablet&quot;:{&quot;url&quot;:&quot;&quot;,&quot;id&quot;:&quot;&quot;,&quot;size&quot;:&quot;&quot;},&quot;wdt_bg_image_mobile_extra&quot;:{&quot;url&quot;:&quot;&quot;,&quot;id&quot;:&quot;&quot;,&quot;size&quot;:&quot;&quot;},&quot;wdt_bg_image_mobile&quot;:{&quot;url&quot;:&quot;&quot;,&quot;id&quot;:&quot;&quot;,&quot;size&quot;:&quot;&quot;},&quot;wdt_bg_position&quot;:&quot;center center&quot;,&quot;wdt_animation_effect&quot;:&quot;none&quot;}\">\n\t\t\t\t\t\t<div class=\"elementor-container elementor-column-gap-no\">\n\t\t\t\t\t<div class=\"elementor-column elementor-col-50 elementor-top-column elementor-element elementor-element-b215d83\" data-id=\"b215d83\" data-element_type=\"column\" data-e-type=\"column\">\n\t\t\t<div class=\"elementor-widget-wrap elementor-element-populated\">\n\t\t\t\t\t\t<div class=\"elementor-element elementor-element-f1089e4 elementor-widget elementor-widget-wdt-shop-product-single-images-carousel\" data-id=\"f1089e4\" data-element_type=\"widget\" data-e-type=\"widget\" data-settings=\"{&quot;wdt_animation_effect&quot;:&quot;none&quot;}\" data-widget_type=\"wdt-shop-product-single-images-carousel.default\">\n\t\t\t\t<div class=\"elementor-widget-container\">\n\t\t\t\t\tPlease provide product id to display corresponding data!\t\t\t\t<\/div>\n\t\t\t\t<\/div>\n\t\t\t\t\t<\/div>\n\t\t<\/div>\n\t\t\t\t<div class=\"wdt-sticky-column elementor-column elementor-col-50 elementor-top-column elementor-element elementor-element-6b3cc59\" data-wdt-settings=\"{&quot;id&quot;:&quot;6b3cc59&quot;,&quot;sticky&quot;:true,&quot;topSpacing&quot;:50,&quot;bottomSpacing&quot;:50,&quot;stickyOn&quot;:[&quot;desktop&quot;,&quot;laptop&quot;,&quot;tablet_extra&quot;],&quot;overflowHidden&quot;:false}\" data-id=\"6b3cc59\" data-element_type=\"column\" data-e-type=\"column\">\n\t\t\t<div class=\"elementor-widget-wrap elementor-element-populated\">\n\t\t\t\t\t\t<div class=\"elementor-element elementor-element-3249257 elementor-widget__width-initial elementor-widget-laptop__width-inherit elementor-widget elementor-widget-wdt-shop-product-single-summary\" data-id=\"3249257\" data-element_type=\"widget\" data-e-type=\"widget\" data-settings=\"{&quot;wdt_animation_effect&quot;:&quot;none&quot;}\" data-widget_type=\"wdt-shop-product-single-summary.default\">\n\t\t\t\t<div class=\"elementor-widget-container\">\n\t\t\t\t\tPlease provide product id to display corresponding data!\t\t\t\t<\/div>\n\t\t\t\t<\/div>\n\t\t\t\t\t<\/div>\n\t\t<\/div>\n\t\t\t\t\t<\/div>\n\t\t<\/section>\n\t\t\t\t<section class=\"elementor-section elementor-top-section elementor-element elementor-element-75745c2 elementor-section-boxed elementor-section-height-default elementor-section-height-default\" data-id=\"75745c2\" data-element_type=\"section\" data-e-type=\"section\" data-settings=\"{&quot;wdt_bg_image&quot;:{&quot;url&quot;:&quot;&quot;,&quot;id&quot;:&quot;&quot;,&quot;size&quot;:&quot;&quot;},&quot;wdt_bg_image_laptop&quot;:{&quot;url&quot;:&quot;&quot;,&quot;id&quot;:&quot;&quot;,&quot;size&quot;:&quot;&quot;},&quot;wdt_bg_image_tablet_extra&quot;:{&quot;url&quot;:&quot;&quot;,&quot;id&quot;:&quot;&quot;,&quot;size&quot;:&quot;&quot;},&quot;wdt_bg_image_tablet&quot;:{&quot;url&quot;:&quot;&quot;,&quot;id&quot;:&quot;&quot;,&quot;size&quot;:&quot;&quot;},&quot;wdt_bg_image_mobile_extra&quot;:{&quot;url&quot;:&quot;&quot;,&quot;id&quot;:&quot;&quot;,&quot;size&quot;:&quot;&quot;},&quot;wdt_bg_image_mobile&quot;:{&quot;url&quot;:&quot;&quot;,&quot;id&quot;:&quot;&quot;,&quot;size&quot;:&quot;&quot;},&quot;wdt_bg_position&quot;:&quot;center center&quot;,&quot;wdt_animation_effect&quot;:&quot;none&quot;}\">\n\t\t\t\t\t\t<div class=\"elementor-container elementor-column-gap-no\">\n\t\t\t\t\t<div class=\"elementor-column elementor-col-100 elementor-top-column elementor-element elementor-element-70e2c97\" data-id=\"70e2c97\" data-element_type=\"column\" data-e-type=\"column\">\n\t\t\t<div class=\"elementor-widget-wrap elementor-element-populated\">\n\t\t\t\t\t\t<section class=\"elementor-section elementor-inner-section elementor-element elementor-element-872efb8 elementor-section-full_width elementor-section-height-default elementor-section-height-default\" data-id=\"872efb8\" data-element_type=\"section\" data-e-type=\"section\" data-settings=\"{&quot;background_background&quot;:&quot;classic&quot;,&quot;wdt_bg_image&quot;:{&quot;url&quot;:&quot;&quot;,&quot;id&quot;:&quot;&quot;,&quot;size&quot;:&quot;&quot;},&quot;wdt_bg_image_laptop&quot;:{&quot;url&quot;:&quot;&quot;,&quot;id&quot;:&quot;&quot;,&quot;size&quot;:&quot;&quot;},&quot;wdt_bg_image_tablet_extra&quot;:{&quot;url&quot;:&quot;&quot;,&quot;id&quot;:&quot;&quot;,&quot;size&quot;:&quot;&quot;},&quot;wdt_bg_image_tablet&quot;:{&quot;url&quot;:&quot;&quot;,&quot;id&quot;:&quot;&quot;,&quot;size&quot;:&quot;&quot;},&quot;wdt_bg_image_mobile_extra&quot;:{&quot;url&quot;:&quot;&quot;,&quot;id&quot;:&quot;&quot;,&quot;size&quot;:&quot;&quot;},&quot;wdt_bg_image_mobile&quot;:{&quot;url&quot;:&quot;&quot;,&quot;id&quot;:&quot;&quot;,&quot;size&quot;:&quot;&quot;},&quot;wdt_bg_position&quot;:&quot;center center&quot;,&quot;wdt_animation_effect&quot;:&quot;none&quot;}\">\n\t\t\t\t\t\t<div class=\"elementor-container elementor-column-gap-no\">\n\t\t\t\t\t<div class=\"elementor-column elementor-col-50 elementor-inner-column elementor-element elementor-element-6514b06\" data-id=\"6514b06\" data-element_type=\"column\" data-e-type=\"column\" data-settings=\"{&quot;background_background&quot;:&quot;classic&quot;}\">\n\t\t\t<div class=\"elementor-widget-wrap elementor-element-populated\">\n\t\t\t\t\t\t<div class=\"elementor-element elementor-element-939b519 elementor-widget__width-initial elementor-widget elementor-widget-wdt-shop-product-single-tabs-exploded\" data-id=\"939b519\" data-element_type=\"widget\" data-e-type=\"widget\" data-settings=\"{&quot;wdt_animation_effect&quot;:&quot;none&quot;}\" data-widget_type=\"wdt-shop-product-single-tabs-exploded.default\">\n\t\t\t\t<div class=\"elementor-widget-container\">\n\t\t\t\t\tPlease provide product id to display corresponding data!\t\t\t\t<\/div>\n\t\t\t\t<\/div>\n\t\t\t\t\t<\/div>\n\t\t<\/div>\n\t\t\t\t<div class=\"elementor-column elementor-col-50 elementor-inner-column elementor-element elementor-element-ba36903\" data-id=\"ba36903\" data-element_type=\"column\" data-e-type=\"column\" data-settings=\"{&quot;background_background&quot;:&quot;classic&quot;}\">\n\t\t\t<div class=\"elementor-widget-wrap elementor-element-populated\">\n\t\t\t\t\t\t<div class=\"elementor-element elementor-element-8e2f8f4 elementor-widget__width-initial elementor-widget elementor-widget-wdt-shop-product-single-additional-tabs-exploded\" data-id=\"8e2f8f4\" data-element_type=\"widget\" data-e-type=\"widget\" data-settings=\"{&quot;wdt_animation_effect&quot;:&quot;none&quot;}\" data-widget_type=\"wdt-shop-product-single-additional-tabs-exploded.default\">\n\t\t\t\t<div class=\"elementor-widget-container\">\n\t\t\t\t\tPlease provide product id to display corresponding data!\t\t\t\t<\/div>\n\t\t\t\t<\/div>\n\t\t\t\t\t<\/div>\n\t\t<\/div>\n\t\t\t\t\t<\/div>\n\t\t<\/section>\n\t\t\t\t\t<\/div>\n\t\t<\/div>\n\t\t\t\t\t<\/div>\n\t\t<\/section>\n\t\t\t\t<\/div>\n\t\t","protected":false},"excerpt":{"rendered":"<p><strong data-start=\"70\" data-end=\"131\">Eleve sua gameplay com o melhor ESP + AIM para Valorant!<\/strong><br data-start=\"131\" data-end=\"134\" \/><strong data-start=\"134\" data-end=\"301\">Totalmente externo e seguro, nosso software garante prote\u00e7\u00e3o para sua conta e desempenho de elite nas partidas. Compat\u00edvel com todas as vers\u00f5es do Windows 10 e 11.<\/strong><br data-start=\"301\" data-end=\"304\" data-is-only-node=\"\" \/><strong data-start=\"304\" data-end=\"347\">COMPATIVEL APENAS\u00a0 COM HVCI ON<\/strong><\/p>\n","protected":false},"featured_media":23127,"template":"","meta":[],"product_brand":[],"product_cat":[112],"product_tag":[101,113],"class_list":{"0":"post-25847","1":"product","2":"type-product","3":"status-publish","4":"has-post-thumbnail","6":"product_cat-valorant","7":"product_tag-aimbot","8":"product_tag-valorant","11":"instock","12":"shipping-taxable","13":"purchasable","14":"product-type-variable","15":"product-grid-view"},"yoast_head":"<!-- This site is optimized with the Yoast SEO plugin v27.2 - https:\/\/yoast.com\/product\/yoast-seo-wordpress\/ -->\n<title>Valorant ESP+AIM - FoxCheats<\/title>\n<meta name=\"description\" content=\"Valorant Aim+ESP 100% external e indetect\u00e1vel, venha conhecer nosso produto e se apaixonar.\" \/>\n<meta name=\"robots\" content=\"index, follow, max-snippet:-1, max-image-preview:large, max-video-preview:-1\" \/>\n<link rel=\"canonical\" href=\"https:\/\/foxcheats.com.br\/home\/product\/valorant-espaim\/\" \/>\n<meta property=\"og:locale\" content=\"pt_BR\" \/>\n<meta property=\"og:type\" content=\"article\" \/>\n<meta property=\"og:title\" content=\"Valorant ESP+AIM - FoxCheats\" \/>\n<meta property=\"og:description\" content=\"Valorant Aim+ESP 100% external e indetect\u00e1vel, venha conhecer nosso produto e se apaixonar.\" \/>\n<meta property=\"og:url\" content=\"https:\/\/foxcheats.com.br\/home\/product\/valorant-espaim\/\" \/>\n<meta property=\"og:site_name\" content=\"FoxCheats\" \/>\n<meta property=\"article:publisher\" content=\"https:\/\/www.facebook.com\/FoxCheats2022\" \/>\n<meta property=\"article:modified_time\" content=\"2026-04-12T16:54:02+00:00\" \/>\n<meta property=\"og:image\" content=\"https:\/\/foxcheats.com.br\/home\/wp-content\/uploads\/2024\/08\/vava-espaim.png\" \/>\n\t<meta property=\"og:image:width\" content=\"500\" \/>\n\t<meta property=\"og:image:height\" content=\"600\" \/>\n\t<meta property=\"og:image:type\" content=\"image\/png\" \/>\n<meta name=\"twitter:card\" content=\"summary_large_image\" \/>\n<meta name=\"twitter:label1\" content=\"Est. tempo de leitura\" \/>\n\t<meta name=\"twitter:data1\" content=\"1 minuto\" \/>\n<script type=\"application\/ld+json\" class=\"yoast-schema-graph\">{\"@context\":\"https:\/\/schema.org\",\"@graph\":[{\"@type\":\"WebPage\",\"@id\":\"https:\/\/foxcheats.com.br\/home\/product\/valorant-espaim\/\",\"url\":\"https:\/\/foxcheats.com.br\/home\/product\/valorant-espaim\/\",\"name\":\"Valorant ESP+AIM - FoxCheats\",\"isPartOf\":{\"@id\":\"https:\/\/foxcheats.com.br\/home\/#website\"},\"primaryImageOfPage\":{\"@id\":\"https:\/\/foxcheats.com.br\/home\/product\/valorant-espaim\/#primaryimage\"},\"image\":{\"@id\":\"https:\/\/foxcheats.com.br\/home\/product\/valorant-espaim\/#primaryimage\"},\"thumbnailUrl\":\"https:\/\/foxcheats.com.br\/home\/wp-content\/uploads\/2024\/08\/vava-espaim.png\",\"datePublished\":\"2025-05-11T23:37:49+00:00\",\"dateModified\":\"2026-04-12T16:54:02+00:00\",\"description\":\"Valorant Aim+ESP 100% external e indetect\u00e1vel, venha conhecer nosso produto e se apaixonar.\",\"breadcrumb\":{\"@id\":\"https:\/\/foxcheats.com.br\/home\/product\/valorant-espaim\/#breadcrumb\"},\"inLanguage\":\"pt-BR\",\"potentialAction\":[{\"@type\":\"ReadAction\",\"target\":[\"https:\/\/foxcheats.com.br\/home\/product\/valorant-espaim\/\"]}]},{\"@type\":\"ImageObject\",\"inLanguage\":\"pt-BR\",\"@id\":\"https:\/\/foxcheats.com.br\/home\/product\/valorant-espaim\/#primaryimage\",\"url\":\"https:\/\/foxcheats.com.br\/home\/wp-content\/uploads\/2024\/08\/vava-espaim.png\",\"contentUrl\":\"https:\/\/foxcheats.com.br\/home\/wp-content\/uploads\/2024\/08\/vava-espaim.png\",\"width\":500,\"height\":600},{\"@type\":\"BreadcrumbList\",\"@id\":\"https:\/\/foxcheats.com.br\/home\/product\/valorant-espaim\/#breadcrumb\",\"itemListElement\":[{\"@type\":\"ListItem\",\"position\":1,\"name\":\"In\u00edcio\",\"item\":\"https:\/\/foxcheats.com.br\/home\/\"},{\"@type\":\"ListItem\",\"position\":2,\"name\":\"Loja\",\"item\":\"https:\/\/foxcheats.com.br\/home\/shop\/\"},{\"@type\":\"ListItem\",\"position\":3,\"name\":\"Valorant ESP+AIM\"}]},{\"@type\":\"WebSite\",\"@id\":\"https:\/\/foxcheats.com.br\/home\/#website\",\"url\":\"https:\/\/foxcheats.com.br\/home\/\",\"name\":\"FoxCheats\",\"description\":\"Os melhores conte\u00fados\",\"publisher\":{\"@id\":\"https:\/\/foxcheats.com.br\/home\/#organization\"},\"potentialAction\":[{\"@type\":\"SearchAction\",\"target\":{\"@type\":\"EntryPoint\",\"urlTemplate\":\"https:\/\/foxcheats.com.br\/home\/?s={search_term_string}\"},\"query-input\":{\"@type\":\"PropertyValueSpecification\",\"valueRequired\":true,\"valueName\":\"search_term_string\"}}],\"inLanguage\":\"pt-BR\"},{\"@type\":\"Organization\",\"@id\":\"https:\/\/foxcheats.com.br\/home\/#organization\",\"name\":\"FoxCheats\",\"url\":\"https:\/\/foxcheats.com.br\/home\/\",\"logo\":{\"@type\":\"ImageObject\",\"inLanguage\":\"pt-BR\",\"@id\":\"https:\/\/foxcheats.com.br\/home\/#\/schema\/logo\/image\/\",\"url\":\"https:\/\/foxcheats.com.br\/home\/wp-content\/uploads\/2024\/11\/teste-logo-2.png\",\"contentUrl\":\"https:\/\/foxcheats.com.br\/home\/wp-content\/uploads\/2024\/11\/teste-logo-2.png\",\"width\":800,\"height\":200,\"caption\":\"FoxCheats\"},\"image\":{\"@id\":\"https:\/\/foxcheats.com.br\/home\/#\/schema\/logo\/image\/\"},\"sameAs\":[\"https:\/\/www.facebook.com\/FoxCheats2022\",\"https:\/\/instagram.com\/foxcheetos\"]}]}<\/script>\n<!-- \/ Yoast SEO plugin. -->","yoast_head_json":{"title":"Valorant ESP+AIM - FoxCheats","description":"Valorant Aim+ESP 100% external e indetect\u00e1vel, venha conhecer nosso produto e se apaixonar.","robots":{"index":"index","follow":"follow","max-snippet":"max-snippet:-1","max-image-preview":"max-image-preview:large","max-video-preview":"max-video-preview:-1"},"canonical":"https:\/\/foxcheats.com.br\/home\/product\/valorant-espaim\/","og_locale":"pt_BR","og_type":"article","og_title":"Valorant ESP+AIM - FoxCheats","og_description":"Valorant Aim+ESP 100% external e indetect\u00e1vel, venha conhecer nosso produto e se apaixonar.","og_url":"https:\/\/foxcheats.com.br\/home\/product\/valorant-espaim\/","og_site_name":"FoxCheats","article_publisher":"https:\/\/www.facebook.com\/FoxCheats2022","article_modified_time":"2026-04-12T16:54:02+00:00","og_image":[{"width":500,"height":600,"url":"https:\/\/foxcheats.com.br\/home\/wp-content\/uploads\/2024\/08\/vava-espaim.png","type":"image\/png"}],"twitter_card":"summary_large_image","twitter_misc":{"Est. tempo de leitura":"1 minuto"},"schema":{"@context":"https:\/\/schema.org","@graph":[{"@type":"WebPage","@id":"https:\/\/foxcheats.com.br\/home\/product\/valorant-espaim\/","url":"https:\/\/foxcheats.com.br\/home\/product\/valorant-espaim\/","name":"Valorant ESP+AIM - FoxCheats","isPartOf":{"@id":"https:\/\/foxcheats.com.br\/home\/#website"},"primaryImageOfPage":{"@id":"https:\/\/foxcheats.com.br\/home\/product\/valorant-espaim\/#primaryimage"},"image":{"@id":"https:\/\/foxcheats.com.br\/home\/product\/valorant-espaim\/#primaryimage"},"thumbnailUrl":"https:\/\/foxcheats.com.br\/home\/wp-content\/uploads\/2024\/08\/vava-espaim.png","datePublished":"2025-05-11T23:37:49+00:00","dateModified":"2026-04-12T16:54:02+00:00","description":"Valorant Aim+ESP 100% external e indetect\u00e1vel, venha conhecer nosso produto e se apaixonar.","breadcrumb":{"@id":"https:\/\/foxcheats.com.br\/home\/product\/valorant-espaim\/#breadcrumb"},"inLanguage":"pt-BR","potentialAction":[{"@type":"ReadAction","target":["https:\/\/foxcheats.com.br\/home\/product\/valorant-espaim\/"]}]},{"@type":"ImageObject","inLanguage":"pt-BR","@id":"https:\/\/foxcheats.com.br\/home\/product\/valorant-espaim\/#primaryimage","url":"https:\/\/foxcheats.com.br\/home\/wp-content\/uploads\/2024\/08\/vava-espaim.png","contentUrl":"https:\/\/foxcheats.com.br\/home\/wp-content\/uploads\/2024\/08\/vava-espaim.png","width":500,"height":600},{"@type":"BreadcrumbList","@id":"https:\/\/foxcheats.com.br\/home\/product\/valorant-espaim\/#breadcrumb","itemListElement":[{"@type":"ListItem","position":1,"name":"In\u00edcio","item":"https:\/\/foxcheats.com.br\/home\/"},{"@type":"ListItem","position":2,"name":"Loja","item":"https:\/\/foxcheats.com.br\/home\/shop\/"},{"@type":"ListItem","position":3,"name":"Valorant ESP+AIM"}]},{"@type":"WebSite","@id":"https:\/\/foxcheats.com.br\/home\/#website","url":"https:\/\/foxcheats.com.br\/home\/","name":"FoxCheats","description":"Os melhores conte\u00fados","publisher":{"@id":"https:\/\/foxcheats.com.br\/home\/#organization"},"potentialAction":[{"@type":"SearchAction","target":{"@type":"EntryPoint","urlTemplate":"https:\/\/foxcheats.com.br\/home\/?s={search_term_string}"},"query-input":{"@type":"PropertyValueSpecification","valueRequired":true,"valueName":"search_term_string"}}],"inLanguage":"pt-BR"},{"@type":"Organization","@id":"https:\/\/foxcheats.com.br\/home\/#organization","name":"FoxCheats","url":"https:\/\/foxcheats.com.br\/home\/","logo":{"@type":"ImageObject","inLanguage":"pt-BR","@id":"https:\/\/foxcheats.com.br\/home\/#\/schema\/logo\/image\/","url":"https:\/\/foxcheats.com.br\/home\/wp-content\/uploads\/2024\/11\/teste-logo-2.png","contentUrl":"https:\/\/foxcheats.com.br\/home\/wp-content\/uploads\/2024\/11\/teste-logo-2.png","width":800,"height":200,"caption":"FoxCheats"},"image":{"@id":"https:\/\/foxcheats.com.br\/home\/#\/schema\/logo\/image\/"},"sameAs":["https:\/\/www.facebook.com\/FoxCheats2022","https:\/\/instagram.com\/foxcheetos"]}]}},"_links":{"self":[{"href":"https:\/\/foxcheats.com.br\/home\/wp-json\/wp\/v2\/product\/25847","targetHints":{"allow":["GET"]}}],"collection":[{"href":"https:\/\/foxcheats.com.br\/home\/wp-json\/wp\/v2\/product"}],"about":[{"href":"https:\/\/foxcheats.com.br\/home\/wp-json\/wp\/v2\/types\/product"}],"version-history":[{"count":8,"href":"https:\/\/foxcheats.com.br\/home\/wp-json\/wp\/v2\/product\/25847\/revisions"}],"predecessor-version":[{"id":28282,"href":"https:\/\/foxcheats.com.br\/home\/wp-json\/wp\/v2\/product\/25847\/revisions\/28282"}],"wp:featuredmedia":[{"embeddable":true,"href":"https:\/\/foxcheats.com.br\/home\/wp-json\/wp\/v2\/media\/23127"}],"wp:attachment":[{"href":"https:\/\/foxcheats.com.br\/home\/wp-json\/wp\/v2\/media?parent=25847"}],"wp:term":[{"taxonomy":"product_brand","embeddable":true,"href":"https:\/\/foxcheats.com.br\/home\/wp-json\/wp\/v2\/product_brand?post=25847"},{"taxonomy":"product_cat","embeddable":true,"href":"https:\/\/foxcheats.com.br\/home\/wp-json\/wp\/v2\/product_cat?post=25847"},{"taxonomy":"product_tag","embeddable":true,"href":"https:\/\/foxcheats.com.br\/home\/wp-json\/wp\/v2\/product_tag?post=25847"}],"curies":[{"name":"wp","href":"https:\/\/api.w.org\/{rel}","templated":true}]}}