
{"id":23111,"date":"2024-07-26T16:58:36","date_gmt":"2024-07-26T16:58:36","guid":{"rendered":"https:\/\/perassolli.net\/?post_type=product&#038;p=23025"},"modified":"2026-04-17T03:46:07","modified_gmt":"2026-04-17T06:46:07","slug":"grand-chase-classic","status":"publish","type":"product","link":"https:\/\/foxcheats.com.br\/home\/product\/grand-chase-classic\/","title":{"rendered":"Grand Chase Classic &#8211; 30 dias"},"content":{"rendered":"\t\t<div data-elementor-type=\"wp-post\" data-elementor-id=\"23111\" class=\"elementor elementor-23111\">\n\t\t\t\t\t\t<section class=\"elementor-section elementor-top-section elementor-element elementor-element-ec46f24 elementor-section-boxed elementor-section-height-default elementor-section-height-default\" data-id=\"ec46f24\" data-element_type=\"section\" data-e-type=\"section\" data-settings=\"{&quot;wdt_bg_image&quot;:{&quot;url&quot;:&quot;&quot;,&quot;id&quot;:&quot;&quot;,&quot;size&quot;:&quot;&quot;},&quot;wdt_bg_image_laptop&quot;:{&quot;url&quot;:&quot;&quot;,&quot;id&quot;:&quot;&quot;,&quot;size&quot;:&quot;&quot;},&quot;wdt_bg_image_tablet_extra&quot;:{&quot;url&quot;:&quot;&quot;,&quot;id&quot;:&quot;&quot;,&quot;size&quot;:&quot;&quot;},&quot;wdt_bg_image_tablet&quot;:{&quot;url&quot;:&quot;&quot;,&quot;id&quot;:&quot;&quot;,&quot;size&quot;:&quot;&quot;},&quot;wdt_bg_image_mobile_extra&quot;:{&quot;url&quot;:&quot;&quot;,&quot;id&quot;:&quot;&quot;,&quot;size&quot;:&quot;&quot;},&quot;wdt_bg_image_mobile&quot;:{&quot;url&quot;:&quot;&quot;,&quot;id&quot;:&quot;&quot;,&quot;size&quot;:&quot;&quot;},&quot;wdt_bg_position&quot;:&quot;center center&quot;,&quot;wdt_animation_effect&quot;:&quot;none&quot;}\">\n\t\t\t\t\t\t<div class=\"elementor-container elementor-column-gap-no\">\n\t\t\t\t\t<div class=\"elementor-column elementor-col-50 elementor-top-column elementor-element elementor-element-b215d83\" data-id=\"b215d83\" data-element_type=\"column\" data-e-type=\"column\">\n\t\t\t<div class=\"elementor-widget-wrap elementor-element-populated\">\n\t\t\t\t\t\t<div class=\"elementor-element elementor-element-f1089e4 elementor-widget elementor-widget-wdt-shop-product-single-images-carousel\" data-id=\"f1089e4\" data-element_type=\"widget\" data-e-type=\"widget\" data-settings=\"{&quot;wdt_animation_effect&quot;:&quot;none&quot;}\" data-widget_type=\"wdt-shop-product-single-images-carousel.default\">\n\t\t\t\t<div class=\"elementor-widget-container\">\n\t\t\t\t\tPlease provide product id to display corresponding data!\t\t\t\t<\/div>\n\t\t\t\t<\/div>\n\t\t\t\t\t<\/div>\n\t\t<\/div>\n\t\t\t\t<div class=\"wdt-sticky-column elementor-column elementor-col-50 elementor-top-column elementor-element elementor-element-6b3cc59\" data-wdt-settings=\"{&quot;id&quot;:&quot;6b3cc59&quot;,&quot;sticky&quot;:true,&quot;topSpacing&quot;:50,&quot;bottomSpacing&quot;:50,&quot;stickyOn&quot;:[&quot;desktop&quot;,&quot;laptop&quot;,&quot;tablet_extra&quot;],&quot;overflowHidden&quot;:false}\" data-id=\"6b3cc59\" data-element_type=\"column\" data-e-type=\"column\">\n\t\t\t<div class=\"elementor-widget-wrap elementor-element-populated\">\n\t\t\t\t\t\t<div class=\"elementor-element elementor-element-3249257 elementor-widget__width-initial elementor-widget-laptop__width-inherit elementor-widget elementor-widget-wdt-shop-product-single-summary\" data-id=\"3249257\" data-element_type=\"widget\" data-e-type=\"widget\" data-settings=\"{&quot;wdt_animation_effect&quot;:&quot;none&quot;}\" data-widget_type=\"wdt-shop-product-single-summary.default\">\n\t\t\t\t<div class=\"elementor-widget-container\">\n\t\t\t\t\tPlease provide product id to display corresponding data!\t\t\t\t<\/div>\n\t\t\t\t<\/div>\n\t\t\t\t\t<\/div>\n\t\t<\/div>\n\t\t\t\t\t<\/div>\n\t\t<\/section>\n\t\t\t\t<section class=\"elementor-section elementor-top-section elementor-element elementor-element-75745c2 elementor-section-boxed elementor-section-height-default elementor-section-height-default\" data-id=\"75745c2\" data-element_type=\"section\" data-e-type=\"section\" data-settings=\"{&quot;wdt_bg_image&quot;:{&quot;url&quot;:&quot;&quot;,&quot;id&quot;:&quot;&quot;,&quot;size&quot;:&quot;&quot;},&quot;wdt_bg_image_laptop&quot;:{&quot;url&quot;:&quot;&quot;,&quot;id&quot;:&quot;&quot;,&quot;size&quot;:&quot;&quot;},&quot;wdt_bg_image_tablet_extra&quot;:{&quot;url&quot;:&quot;&quot;,&quot;id&quot;:&quot;&quot;,&quot;size&quot;:&quot;&quot;},&quot;wdt_bg_image_tablet&quot;:{&quot;url&quot;:&quot;&quot;,&quot;id&quot;:&quot;&quot;,&quot;size&quot;:&quot;&quot;},&quot;wdt_bg_image_mobile_extra&quot;:{&quot;url&quot;:&quot;&quot;,&quot;id&quot;:&quot;&quot;,&quot;size&quot;:&quot;&quot;},&quot;wdt_bg_image_mobile&quot;:{&quot;url&quot;:&quot;&quot;,&quot;id&quot;:&quot;&quot;,&quot;size&quot;:&quot;&quot;},&quot;wdt_bg_position&quot;:&quot;center center&quot;,&quot;wdt_animation_effect&quot;:&quot;none&quot;}\">\n\t\t\t\t\t\t<div class=\"elementor-container elementor-column-gap-no\">\n\t\t\t\t\t<div class=\"elementor-column elementor-col-100 elementor-top-column elementor-element elementor-element-70e2c97\" data-id=\"70e2c97\" data-element_type=\"column\" data-e-type=\"column\">\n\t\t\t<div class=\"elementor-widget-wrap elementor-element-populated\">\n\t\t\t\t\t\t<section class=\"elementor-section elementor-inner-section elementor-element elementor-element-872efb8 elementor-section-full_width elementor-section-height-default elementor-section-height-default\" data-id=\"872efb8\" data-element_type=\"section\" data-e-type=\"section\" data-settings=\"{&quot;background_background&quot;:&quot;classic&quot;,&quot;wdt_bg_image&quot;:{&quot;url&quot;:&quot;&quot;,&quot;id&quot;:&quot;&quot;,&quot;size&quot;:&quot;&quot;},&quot;wdt_bg_image_laptop&quot;:{&quot;url&quot;:&quot;&quot;,&quot;id&quot;:&quot;&quot;,&quot;size&quot;:&quot;&quot;},&quot;wdt_bg_image_tablet_extra&quot;:{&quot;url&quot;:&quot;&quot;,&quot;id&quot;:&quot;&quot;,&quot;size&quot;:&quot;&quot;},&quot;wdt_bg_image_tablet&quot;:{&quot;url&quot;:&quot;&quot;,&quot;id&quot;:&quot;&quot;,&quot;size&quot;:&quot;&quot;},&quot;wdt_bg_image_mobile_extra&quot;:{&quot;url&quot;:&quot;&quot;,&quot;id&quot;:&quot;&quot;,&quot;size&quot;:&quot;&quot;},&quot;wdt_bg_image_mobile&quot;:{&quot;url&quot;:&quot;&quot;,&quot;id&quot;:&quot;&quot;,&quot;size&quot;:&quot;&quot;},&quot;wdt_bg_position&quot;:&quot;center center&quot;,&quot;wdt_animation_effect&quot;:&quot;none&quot;}\">\n\t\t\t\t\t\t<div class=\"elementor-container elementor-column-gap-no\">\n\t\t\t\t\t<div class=\"elementor-column elementor-col-50 elementor-inner-column elementor-element elementor-element-6514b06\" data-id=\"6514b06\" data-element_type=\"column\" data-e-type=\"column\" data-settings=\"{&quot;background_background&quot;:&quot;classic&quot;}\">\n\t\t\t<div class=\"elementor-widget-wrap elementor-element-populated\">\n\t\t\t\t\t\t<div class=\"elementor-element elementor-element-939b519 elementor-widget__width-initial elementor-widget elementor-widget-wdt-shop-product-single-tabs-exploded\" data-id=\"939b519\" data-element_type=\"widget\" data-e-type=\"widget\" data-settings=\"{&quot;wdt_animation_effect&quot;:&quot;none&quot;}\" data-widget_type=\"wdt-shop-product-single-tabs-exploded.default\">\n\t\t\t\t<div class=\"elementor-widget-container\">\n\t\t\t\t\tPlease provide product id to display corresponding data!\t\t\t\t<\/div>\n\t\t\t\t<\/div>\n\t\t\t\t\t<\/div>\n\t\t<\/div>\n\t\t\t\t<div class=\"elementor-column elementor-col-50 elementor-inner-column elementor-element elementor-element-ba36903\" data-id=\"ba36903\" data-element_type=\"column\" data-e-type=\"column\" data-settings=\"{&quot;background_background&quot;:&quot;classic&quot;}\">\n\t\t\t<div class=\"elementor-widget-wrap elementor-element-populated\">\n\t\t\t\t\t\t<div class=\"elementor-element elementor-element-8e2f8f4 elementor-widget__width-initial elementor-widget elementor-widget-wdt-shop-product-single-additional-tabs-exploded\" data-id=\"8e2f8f4\" data-element_type=\"widget\" data-e-type=\"widget\" data-settings=\"{&quot;wdt_animation_effect&quot;:&quot;none&quot;}\" data-widget_type=\"wdt-shop-product-single-additional-tabs-exploded.default\">\n\t\t\t\t<div class=\"elementor-widget-container\">\n\t\t\t\t\tPlease provide product id to display corresponding data!\t\t\t\t<\/div>\n\t\t\t\t<\/div>\n\t\t\t\t\t<\/div>\n\t\t<\/div>\n\t\t\t\t\t<\/div>\n\t\t<\/section>\n\t\t\t\t\t<\/div>\n\t\t<\/div>\n\t\t\t\t\t<\/div>\n\t\t<\/section>\n\t\t\t\t<\/div>\n\t\t","protected":false},"excerpt":{"rendered":"<p>Aproveite a oferta exclusiva de Licen\u00e7a do produto de Grand Chase Classic por 30 dias e eleve sua experi\u00eancia de jogo a um novo patamar. Com este Hack completo, voc\u00ea ter\u00e1 acesso a todas as fun\u00e7\u00f5es, incluindo o recurso AutoKill, que garantir\u00e1 sua vit\u00f3ria em cada batalha. N\u00e3o perca a oportunidade de adquirir o melhor hack\/cheat do mercado, que oferece a melhor trapa\u00e7a dispon\u00edvel. Descubra agora mesmo como dominar o jogo, obter vantagens sobre seus oponentes e desbloquear todo o potencial do Grand Chase Classic. Aproveite essa oferta por tempo limitado e torne-se um verdadeiro campe\u00e3o no universo do jogo.<\/p>\n","protected":false},"featured_media":23125,"template":"","meta":[],"product_brand":[],"product_cat":[110],"product_tag":[102,103,133,128,138,127,136,137,125,129,124,109,123,126,131,134,135,130,132],"class_list":{"0":"post-23111","1":"product","2":"type-product","3":"status-publish","4":"has-post-thumbnail","6":"product_cat-grand-chase","7":"product_tag-auto-kill","8":"product_tag-bot","9":"product_tag-bot-itens-gc","10":"product_tag-bypass-grandchase","11":"product_tag-cheat-for-gcc","12":"product_tag-cheat-grandchase","13":"product_tag-cheat-grandchase-2024","14":"product_tag-cheat-para-gc","15":"product_tag-gc-autokill","16":"product_tag-gc-classic-cheat","17":"product_tag-gc-classic-hack","18":"product_tag-grand-chase","19":"product_tag-grandchase-hack-2025","20":"product_tag-hack-itens-grandchase","21":"product_tag-hp-hack","22":"product_tag-macro-gc","23":"product_tag-macro-grandchase","24":"product_tag-mp-hack","25":"product_tag-no-cd","28":"instock","29":"downloadable","30":"virtual","31":"sold-individually","32":"purchasable","33":"product-type-simple","34":"product-grid-view"},"yoast_head":"<!-- This site is optimized with the Yoast SEO plugin v27.2 - https:\/\/yoast.com\/product\/yoast-seo-wordpress\/ -->\n<title>Grand Chase Classic - 30 dias - FoxCheats<\/title>\n<meta name=\"robots\" content=\"index, follow, max-snippet:-1, max-image-preview:large, max-video-preview:-1\" \/>\n<link rel=\"canonical\" href=\"https:\/\/foxcheats.com.br\/home\/product\/grand-chase-classic\/\" \/>\n<meta property=\"og:locale\" content=\"pt_BR\" \/>\n<meta property=\"og:type\" content=\"article\" \/>\n<meta property=\"og:title\" content=\"Grand Chase Classic - 30 dias - FoxCheats\" \/>\n<meta property=\"og:description\" content=\"Aproveite a oferta exclusiva de Licen\u00e7a do produto de Grand Chase Classic por 30 dias e eleve sua experi\u00eancia de jogo a um novo patamar. Com este Hack completo, voc\u00ea ter\u00e1 acesso a todas as fun\u00e7\u00f5es, incluindo o recurso AutoKill, que garantir\u00e1 sua vit\u00f3ria em cada batalha. N\u00e3o perca a oportunidade de adquirir o melhor hack\/cheat do mercado, que oferece a melhor trapa\u00e7a dispon\u00edvel. Descubra agora mesmo como dominar o jogo, obter vantagens sobre seus oponentes e desbloquear todo o potencial do Grand Chase Classic. Aproveite essa oferta por tempo limitado e torne-se um verdadeiro campe\u00e3o no universo do jogo.\" \/>\n<meta property=\"og:url\" content=\"https:\/\/foxcheats.com.br\/home\/product\/grand-chase-classic\/\" \/>\n<meta property=\"og:site_name\" content=\"FoxCheats\" \/>\n<meta property=\"article:publisher\" content=\"https:\/\/www.facebook.com\/FoxCheats2022\" \/>\n<meta property=\"article:modified_time\" content=\"2026-04-17T06:46:07+00:00\" \/>\n<meta property=\"og:image\" content=\"https:\/\/foxcheats.com.br\/home\/wp-content\/uploads\/2024\/08\/gcc-teste.png\" \/>\n\t<meta property=\"og:image:width\" content=\"500\" \/>\n\t<meta property=\"og:image:height\" content=\"600\" \/>\n\t<meta property=\"og:image:type\" content=\"image\/png\" \/>\n<meta name=\"twitter:card\" content=\"summary_large_image\" \/>\n<meta name=\"twitter:label1\" content=\"Est. tempo de leitura\" \/>\n\t<meta name=\"twitter:data1\" content=\"1 minuto\" \/>\n<script type=\"application\/ld+json\" class=\"yoast-schema-graph\">{\"@context\":\"https:\/\/schema.org\",\"@graph\":[{\"@type\":\"WebPage\",\"@id\":\"https:\/\/foxcheats.com.br\/home\/product\/grand-chase-classic\/\",\"url\":\"https:\/\/foxcheats.com.br\/home\/product\/grand-chase-classic\/\",\"name\":\"Grand Chase Classic - 30 dias - FoxCheats\",\"isPartOf\":{\"@id\":\"https:\/\/foxcheats.com.br\/home\/#website\"},\"primaryImageOfPage\":{\"@id\":\"https:\/\/foxcheats.com.br\/home\/product\/grand-chase-classic\/#primaryimage\"},\"image\":{\"@id\":\"https:\/\/foxcheats.com.br\/home\/product\/grand-chase-classic\/#primaryimage\"},\"thumbnailUrl\":\"https:\/\/foxcheats.com.br\/home\/wp-content\/uploads\/2024\/08\/gcc-teste.png\",\"datePublished\":\"2024-07-26T16:58:36+00:00\",\"dateModified\":\"2026-04-17T06:46:07+00:00\",\"breadcrumb\":{\"@id\":\"https:\/\/foxcheats.com.br\/home\/product\/grand-chase-classic\/#breadcrumb\"},\"inLanguage\":\"pt-BR\",\"potentialAction\":[{\"@type\":\"ReadAction\",\"target\":[\"https:\/\/foxcheats.com.br\/home\/product\/grand-chase-classic\/\"]}]},{\"@type\":\"ImageObject\",\"inLanguage\":\"pt-BR\",\"@id\":\"https:\/\/foxcheats.com.br\/home\/product\/grand-chase-classic\/#primaryimage\",\"url\":\"https:\/\/foxcheats.com.br\/home\/wp-content\/uploads\/2024\/08\/gcc-teste.png\",\"contentUrl\":\"https:\/\/foxcheats.com.br\/home\/wp-content\/uploads\/2024\/08\/gcc-teste.png\",\"width\":500,\"height\":600},{\"@type\":\"BreadcrumbList\",\"@id\":\"https:\/\/foxcheats.com.br\/home\/product\/grand-chase-classic\/#breadcrumb\",\"itemListElement\":[{\"@type\":\"ListItem\",\"position\":1,\"name\":\"In\u00edcio\",\"item\":\"https:\/\/foxcheats.com.br\/home\/\"},{\"@type\":\"ListItem\",\"position\":2,\"name\":\"Loja\",\"item\":\"https:\/\/foxcheats.com.br\/home\/shop\/\"},{\"@type\":\"ListItem\",\"position\":3,\"name\":\"Grand Chase Classic &#8211; 30 dias\"}]},{\"@type\":\"WebSite\",\"@id\":\"https:\/\/foxcheats.com.br\/home\/#website\",\"url\":\"https:\/\/foxcheats.com.br\/home\/\",\"name\":\"FoxCheats\",\"description\":\"Os melhores conte\u00fados\",\"publisher\":{\"@id\":\"https:\/\/foxcheats.com.br\/home\/#organization\"},\"potentialAction\":[{\"@type\":\"SearchAction\",\"target\":{\"@type\":\"EntryPoint\",\"urlTemplate\":\"https:\/\/foxcheats.com.br\/home\/?s={search_term_string}\"},\"query-input\":{\"@type\":\"PropertyValueSpecification\",\"valueRequired\":true,\"valueName\":\"search_term_string\"}}],\"inLanguage\":\"pt-BR\"},{\"@type\":\"Organization\",\"@id\":\"https:\/\/foxcheats.com.br\/home\/#organization\",\"name\":\"FoxCheats\",\"url\":\"https:\/\/foxcheats.com.br\/home\/\",\"logo\":{\"@type\":\"ImageObject\",\"inLanguage\":\"pt-BR\",\"@id\":\"https:\/\/foxcheats.com.br\/home\/#\/schema\/logo\/image\/\",\"url\":\"https:\/\/foxcheats.com.br\/home\/wp-content\/uploads\/2024\/11\/teste-logo-2.png\",\"contentUrl\":\"https:\/\/foxcheats.com.br\/home\/wp-content\/uploads\/2024\/11\/teste-logo-2.png\",\"width\":800,\"height\":200,\"caption\":\"FoxCheats\"},\"image\":{\"@id\":\"https:\/\/foxcheats.com.br\/home\/#\/schema\/logo\/image\/\"},\"sameAs\":[\"https:\/\/www.facebook.com\/FoxCheats2022\",\"https:\/\/instagram.com\/foxcheetos\"]}]}<\/script>\n<!-- \/ Yoast SEO plugin. -->","yoast_head_json":{"title":"Grand Chase Classic - 30 dias - FoxCheats","robots":{"index":"index","follow":"follow","max-snippet":"max-snippet:-1","max-image-preview":"max-image-preview:large","max-video-preview":"max-video-preview:-1"},"canonical":"https:\/\/foxcheats.com.br\/home\/product\/grand-chase-classic\/","og_locale":"pt_BR","og_type":"article","og_title":"Grand Chase Classic - 30 dias - FoxCheats","og_description":"Aproveite a oferta exclusiva de Licen\u00e7a do produto de Grand Chase Classic por 30 dias e eleve sua experi\u00eancia de jogo a um novo patamar. Com este Hack completo, voc\u00ea ter\u00e1 acesso a todas as fun\u00e7\u00f5es, incluindo o recurso AutoKill, que garantir\u00e1 sua vit\u00f3ria em cada batalha. N\u00e3o perca a oportunidade de adquirir o melhor hack\/cheat do mercado, que oferece a melhor trapa\u00e7a dispon\u00edvel. Descubra agora mesmo como dominar o jogo, obter vantagens sobre seus oponentes e desbloquear todo o potencial do Grand Chase Classic. Aproveite essa oferta por tempo limitado e torne-se um verdadeiro campe\u00e3o no universo do jogo.","og_url":"https:\/\/foxcheats.com.br\/home\/product\/grand-chase-classic\/","og_site_name":"FoxCheats","article_publisher":"https:\/\/www.facebook.com\/FoxCheats2022","article_modified_time":"2026-04-17T06:46:07+00:00","og_image":[{"width":500,"height":600,"url":"https:\/\/foxcheats.com.br\/home\/wp-content\/uploads\/2024\/08\/gcc-teste.png","type":"image\/png"}],"twitter_card":"summary_large_image","twitter_misc":{"Est. tempo de leitura":"1 minuto"},"schema":{"@context":"https:\/\/schema.org","@graph":[{"@type":"WebPage","@id":"https:\/\/foxcheats.com.br\/home\/product\/grand-chase-classic\/","url":"https:\/\/foxcheats.com.br\/home\/product\/grand-chase-classic\/","name":"Grand Chase Classic - 30 dias - FoxCheats","isPartOf":{"@id":"https:\/\/foxcheats.com.br\/home\/#website"},"primaryImageOfPage":{"@id":"https:\/\/foxcheats.com.br\/home\/product\/grand-chase-classic\/#primaryimage"},"image":{"@id":"https:\/\/foxcheats.com.br\/home\/product\/grand-chase-classic\/#primaryimage"},"thumbnailUrl":"https:\/\/foxcheats.com.br\/home\/wp-content\/uploads\/2024\/08\/gcc-teste.png","datePublished":"2024-07-26T16:58:36+00:00","dateModified":"2026-04-17T06:46:07+00:00","breadcrumb":{"@id":"https:\/\/foxcheats.com.br\/home\/product\/grand-chase-classic\/#breadcrumb"},"inLanguage":"pt-BR","potentialAction":[{"@type":"ReadAction","target":["https:\/\/foxcheats.com.br\/home\/product\/grand-chase-classic\/"]}]},{"@type":"ImageObject","inLanguage":"pt-BR","@id":"https:\/\/foxcheats.com.br\/home\/product\/grand-chase-classic\/#primaryimage","url":"https:\/\/foxcheats.com.br\/home\/wp-content\/uploads\/2024\/08\/gcc-teste.png","contentUrl":"https:\/\/foxcheats.com.br\/home\/wp-content\/uploads\/2024\/08\/gcc-teste.png","width":500,"height":600},{"@type":"BreadcrumbList","@id":"https:\/\/foxcheats.com.br\/home\/product\/grand-chase-classic\/#breadcrumb","itemListElement":[{"@type":"ListItem","position":1,"name":"In\u00edcio","item":"https:\/\/foxcheats.com.br\/home\/"},{"@type":"ListItem","position":2,"name":"Loja","item":"https:\/\/foxcheats.com.br\/home\/shop\/"},{"@type":"ListItem","position":3,"name":"Grand Chase Classic &#8211; 30 dias"}]},{"@type":"WebSite","@id":"https:\/\/foxcheats.com.br\/home\/#website","url":"https:\/\/foxcheats.com.br\/home\/","name":"FoxCheats","description":"Os melhores conte\u00fados","publisher":{"@id":"https:\/\/foxcheats.com.br\/home\/#organization"},"potentialAction":[{"@type":"SearchAction","target":{"@type":"EntryPoint","urlTemplate":"https:\/\/foxcheats.com.br\/home\/?s={search_term_string}"},"query-input":{"@type":"PropertyValueSpecification","valueRequired":true,"valueName":"search_term_string"}}],"inLanguage":"pt-BR"},{"@type":"Organization","@id":"https:\/\/foxcheats.com.br\/home\/#organization","name":"FoxCheats","url":"https:\/\/foxcheats.com.br\/home\/","logo":{"@type":"ImageObject","inLanguage":"pt-BR","@id":"https:\/\/foxcheats.com.br\/home\/#\/schema\/logo\/image\/","url":"https:\/\/foxcheats.com.br\/home\/wp-content\/uploads\/2024\/11\/teste-logo-2.png","contentUrl":"https:\/\/foxcheats.com.br\/home\/wp-content\/uploads\/2024\/11\/teste-logo-2.png","width":800,"height":200,"caption":"FoxCheats"},"image":{"@id":"https:\/\/foxcheats.com.br\/home\/#\/schema\/logo\/image\/"},"sameAs":["https:\/\/www.facebook.com\/FoxCheats2022","https:\/\/instagram.com\/foxcheetos"]}]}},"_links":{"self":[{"href":"https:\/\/foxcheats.com.br\/home\/wp-json\/wp\/v2\/product\/23111","targetHints":{"allow":["GET"]}}],"collection":[{"href":"https:\/\/foxcheats.com.br\/home\/wp-json\/wp\/v2\/product"}],"about":[{"href":"https:\/\/foxcheats.com.br\/home\/wp-json\/wp\/v2\/types\/product"}],"version-history":[{"count":4,"href":"https:\/\/foxcheats.com.br\/home\/wp-json\/wp\/v2\/product\/23111\/revisions"}],"predecessor-version":[{"id":24012,"href":"https:\/\/foxcheats.com.br\/home\/wp-json\/wp\/v2\/product\/23111\/revisions\/24012"}],"wp:featuredmedia":[{"embeddable":true,"href":"https:\/\/foxcheats.com.br\/home\/wp-json\/wp\/v2\/media\/23125"}],"wp:attachment":[{"href":"https:\/\/foxcheats.com.br\/home\/wp-json\/wp\/v2\/media?parent=23111"}],"wp:term":[{"taxonomy":"product_brand","embeddable":true,"href":"https:\/\/foxcheats.com.br\/home\/wp-json\/wp\/v2\/product_brand?post=23111"},{"taxonomy":"product_cat","embeddable":true,"href":"https:\/\/foxcheats.com.br\/home\/wp-json\/wp\/v2\/product_cat?post=23111"},{"taxonomy":"product_tag","embeddable":true,"href":"https:\/\/foxcheats.com.br\/home\/wp-json\/wp\/v2\/product_tag?post=23111"}],"curies":[{"name":"wp","href":"https:\/\/api.w.org\/{rel}","templated":true}]}}