
{"id":23827,"date":"2024-12-14T10:58:47","date_gmt":"2024-12-14T13:58:47","guid":{"rendered":"https:\/\/foxcheats.com.br\/home\/?page_id=23827"},"modified":"2025-07-31T19:24:26","modified_gmt":"2025-07-31T22:24:26","slug":"cs2-2","status":"publish","type":"page","link":"https:\/\/foxcheats.com.br\/home\/cs2-2\/","title":{"rendered":"Counter Strike 2"},"content":{"rendered":"\t\t<div data-elementor-type=\"wp-page\" data-elementor-id=\"23827\" class=\"elementor elementor-23827\">\n\t\t\t\t\t\t<section class=\"elementor-section elementor-top-section elementor-element elementor-element-6bb2f19 elementor-section-boxed elementor-section-height-default elementor-section-height-default\" data-id=\"6bb2f19\" data-element_type=\"section\" data-e-type=\"section\" data-settings=\"{&quot;wdt_bg_image&quot;:{&quot;url&quot;:&quot;&quot;,&quot;id&quot;:&quot;&quot;,&quot;size&quot;:&quot;&quot;},&quot;wdt_bg_image_laptop&quot;:{&quot;url&quot;:&quot;&quot;,&quot;id&quot;:&quot;&quot;,&quot;size&quot;:&quot;&quot;},&quot;wdt_bg_image_tablet_extra&quot;:{&quot;url&quot;:&quot;&quot;,&quot;id&quot;:&quot;&quot;,&quot;size&quot;:&quot;&quot;},&quot;wdt_bg_image_tablet&quot;:{&quot;url&quot;:&quot;&quot;,&quot;id&quot;:&quot;&quot;,&quot;size&quot;:&quot;&quot;},&quot;wdt_bg_image_mobile_extra&quot;:{&quot;url&quot;:&quot;&quot;,&quot;id&quot;:&quot;&quot;,&quot;size&quot;:&quot;&quot;},&quot;wdt_bg_image_mobile&quot;:{&quot;url&quot;:&quot;&quot;,&quot;id&quot;:&quot;&quot;,&quot;size&quot;:&quot;&quot;},&quot;wdt_bg_position&quot;:&quot;center center&quot;,&quot;wdt_animation_effect&quot;:&quot;none&quot;}\">\n\t\t\t\t\t\t<div class=\"elementor-container elementor-column-gap-default\">\n\t\t\t\t\t<div class=\"elementor-column elementor-col-100 elementor-top-column elementor-element elementor-element-483f36f\" data-id=\"483f36f\" data-element_type=\"column\" data-e-type=\"column\">\n\t\t\t<div class=\"elementor-widget-wrap elementor-element-populated\">\n\t\t\t\t\t\t<div class=\"elementor-element elementor-element-1430f4e elementor-widget elementor-widget-image\" data-id=\"1430f4e\" data-element_type=\"widget\" data-e-type=\"widget\" data-settings=\"{&quot;wdt_animation_effect&quot;:&quot;none&quot;}\" data-widget_type=\"image.default\">\n\t\t\t\t<div class=\"elementor-widget-container\">\n\t\t\t\t\t\t\t\t\t\t\t\t\t\t\t<img fetchpriority=\"high\" decoding=\"async\" width=\"1024\" height=\"107\" src=\"https:\/\/foxcheats.com.br\/home\/wp-content\/uploads\/2024\/12\/info-1024x107.png\" class=\"attachment-large size-large wp-image-23658\" alt=\"Informa\u00e7\u00f5es iniciais do produto.\" srcset=\"https:\/\/foxcheats.com.br\/home\/wp-content\/uploads\/2024\/12\/info-1024x107.png 1024w, https:\/\/foxcheats.com.br\/home\/wp-content\/uploads\/2024\/12\/info-300x31.png 300w, https:\/\/foxcheats.com.br\/home\/wp-content\/uploads\/2024\/12\/info-768x80.png 768w, https:\/\/foxcheats.com.br\/home\/wp-content\/uploads\/2024\/12\/info-1536x160.png 1536w, https:\/\/foxcheats.com.br\/home\/wp-content\/uploads\/2024\/12\/info-1000x104.png 1000w, https:\/\/foxcheats.com.br\/home\/wp-content\/uploads\/2024\/12\/info.png 1920w\" sizes=\"(max-width: 1024px) 100vw, 1024px\" \/>\t\t\t\t\t\t\t\t\t\t\t\t\t\t\t<\/div>\n\t\t\t\t<\/div>\n\t\t\t\t<div class=\"elementor-element elementor-element-fe437d5 elementor-widget elementor-widget-text-editor\" data-id=\"fe437d5\" data-element_type=\"widget\" data-e-type=\"widget\" data-settings=\"{&quot;wdt_animation_effect&quot;:&quot;none&quot;}\" data-widget_type=\"text-editor.default\">\n\t\t\t\t<div class=\"elementor-widget-container\">\n\t\t\t\t\t\t\t\t\t<p>Um dos FPS mais populares do mundo, e a FOX n\u00e3o poderia ficar de fora dessa, ent\u00e3o conhe\u00e7a o nosso produto especial para Counter Strike.<\/p>\t\t\t\t\t\t\t\t<\/div>\n\t\t\t\t<\/div>\n\t\t\t\t<div class=\"elementor-element elementor-element-ea531a0 elementor-widget elementor-widget-image\" data-id=\"ea531a0\" data-element_type=\"widget\" data-e-type=\"widget\" data-settings=\"{&quot;wdt_animation_effect&quot;:&quot;none&quot;}\" data-widget_type=\"image.default\">\n\t\t\t\t<div class=\"elementor-widget-container\">\n\t\t\t\t\t\t\t\t\t\t\t\t\t\t\t<img decoding=\"async\" width=\"1024\" height=\"107\" src=\"https:\/\/foxcheats.com.br\/home\/wp-content\/uploads\/2024\/12\/funcoes-1024x107.png\" class=\"attachment-large size-large wp-image-23657\" alt=\"Descri\u00e7\u00e3o de fun\u00e7\u00f5es do hack\" srcset=\"https:\/\/foxcheats.com.br\/home\/wp-content\/uploads\/2024\/12\/funcoes-1024x107.png 1024w, https:\/\/foxcheats.com.br\/home\/wp-content\/uploads\/2024\/12\/funcoes-300x31.png 300w, https:\/\/foxcheats.com.br\/home\/wp-content\/uploads\/2024\/12\/funcoes-768x80.png 768w, https:\/\/foxcheats.com.br\/home\/wp-content\/uploads\/2024\/12\/funcoes-1536x160.png 1536w, https:\/\/foxcheats.com.br\/home\/wp-content\/uploads\/2024\/12\/funcoes-1000x104.png 1000w, https:\/\/foxcheats.com.br\/home\/wp-content\/uploads\/2024\/12\/funcoes.png 1920w\" sizes=\"(max-width: 1024px) 100vw, 1024px\" \/>\t\t\t\t\t\t\t\t\t\t\t\t\t\t\t<\/div>\n\t\t\t\t<\/div>\n\t\t\t\t<div class=\"elementor-element elementor-element-275e5c4 elementor-widget elementor-widget-text-editor\" data-id=\"275e5c4\" data-element_type=\"widget\" data-e-type=\"widget\" data-settings=\"{&quot;wdt_animation_effect&quot;:&quot;none&quot;}\" data-widget_type=\"text-editor.default\">\n\t\t\t\t<div class=\"elementor-widget-container\">\n\t\t\t\t\t\t\t\t\t<p><strong>ESP<\/strong><\/p><ul><li>BOX<\/li><li>Distance<\/li><li>Lines<\/li><li>Head<\/li><li>Health Bar<\/li><li>Skeleton<\/li><\/ul><p><strong>AIM<\/strong><\/p><ul><li>Personalizavel<\/li><li>Visible Check<\/li><li>Bones<\/li><li>Priorization<\/li><\/ul>\t\t\t\t\t\t\t\t<\/div>\n\t\t\t\t<\/div>\n\t\t\t\t<div class=\"elementor-element elementor-element-9930f12 elementor-widget elementor-widget-image\" data-id=\"9930f12\" data-element_type=\"widget\" data-e-type=\"widget\" data-settings=\"{&quot;wdt_animation_effect&quot;:&quot;none&quot;}\" data-widget_type=\"image.default\">\n\t\t\t\t<div class=\"elementor-widget-container\">\n\t\t\t\t\t\t\t\t\t\t\t\t\t\t\t<img decoding=\"async\" width=\"1024\" height=\"107\" src=\"https:\/\/foxcheats.com.br\/home\/wp-content\/uploads\/2024\/12\/demo-1024x107.png\" class=\"attachment-large size-large wp-image-23655\" alt=\"Demonstra\u00e7\u00e3o de funcionamento\" srcset=\"https:\/\/foxcheats.com.br\/home\/wp-content\/uploads\/2024\/12\/demo-1024x107.png 1024w, https:\/\/foxcheats.com.br\/home\/wp-content\/uploads\/2024\/12\/demo-300x31.png 300w, https:\/\/foxcheats.com.br\/home\/wp-content\/uploads\/2024\/12\/demo-768x80.png 768w, https:\/\/foxcheats.com.br\/home\/wp-content\/uploads\/2024\/12\/demo-1536x160.png 1536w, https:\/\/foxcheats.com.br\/home\/wp-content\/uploads\/2024\/12\/demo-1000x104.png 1000w, https:\/\/foxcheats.com.br\/home\/wp-content\/uploads\/2024\/12\/demo.png 1920w\" sizes=\"(max-width: 1024px) 100vw, 1024px\" \/>\t\t\t\t\t\t\t\t\t\t\t\t\t\t\t<\/div>\n\t\t\t\t<\/div>\n\t\t\t\t<div class=\"elementor-element elementor-element-d6ecfbc elementor-widget elementor-widget-image\" data-id=\"d6ecfbc\" data-element_type=\"widget\" data-e-type=\"widget\" data-settings=\"{&quot;wdt_animation_effect&quot;:&quot;none&quot;}\" data-widget_type=\"image.default\">\n\t\t\t\t<div class=\"elementor-widget-container\">\n\t\t\t\t\t\t\t\t\t\t\t\t\t\t\t<img loading=\"lazy\" decoding=\"async\" width=\"1024\" height=\"576\" src=\"https:\/\/foxcheats.com.br\/home\/wp-content\/uploads\/2024\/08\/image-1024x576.png\" class=\"attachment-large size-large wp-image-23122\" alt=\"\" srcset=\"https:\/\/foxcheats.com.br\/home\/wp-content\/uploads\/2024\/08\/image-1024x576.png 1024w, https:\/\/foxcheats.com.br\/home\/wp-content\/uploads\/2024\/08\/image-300x169.png 300w, https:\/\/foxcheats.com.br\/home\/wp-content\/uploads\/2024\/08\/image-768x432.png 768w, https:\/\/foxcheats.com.br\/home\/wp-content\/uploads\/2024\/08\/image-1536x864.png 1536w, https:\/\/foxcheats.com.br\/home\/wp-content\/uploads\/2024\/08\/image-1000x563.png 1000w, https:\/\/foxcheats.com.br\/home\/wp-content\/uploads\/2024\/08\/image.png 1600w\" sizes=\"(max-width: 1024px) 100vw, 1024px\" \/>\t\t\t\t\t\t\t\t\t\t\t\t\t\t\t<\/div>\n\t\t\t\t<\/div>\n\t\t\t\t<div class=\"elementor-element elementor-element-1a84c2a elementor-widget elementor-widget-video\" data-id=\"1a84c2a\" data-element_type=\"widget\" data-e-type=\"widget\" data-settings=\"{&quot;youtube_url&quot;:&quot;https:\\\/\\\/www.youtube.com\\\/watch?v=8bcnAjhsLxY&quot;,&quot;video_type&quot;:&quot;youtube&quot;,&quot;controls&quot;:&quot;yes&quot;,&quot;wdt_animation_effect&quot;:&quot;none&quot;}\" data-widget_type=\"video.default\">\n\t\t\t\t<div class=\"elementor-widget-container\">\n\t\t\t\t\t\t\t<div class=\"elementor-wrapper elementor-open-inline\">\n\t\t\t<div class=\"elementor-video\"><\/div>\t\t<\/div>\n\t\t\t\t\t\t<\/div>\n\t\t\t\t<\/div>\n\t\t\t\t<div class=\"elementor-element elementor-element-6115354 elementor-widget elementor-widget-image\" data-id=\"6115354\" data-element_type=\"widget\" data-e-type=\"widget\" data-settings=\"{&quot;wdt_animation_effect&quot;:&quot;none&quot;}\" data-widget_type=\"image.default\">\n\t\t\t\t<div class=\"elementor-widget-container\">\n\t\t\t\t\t\t\t\t\t\t\t\t\t\t\t<img loading=\"lazy\" decoding=\"async\" width=\"1024\" height=\"107\" src=\"https:\/\/foxcheats.com.br\/home\/wp-content\/uploads\/2024\/12\/faq-1024x107.png\" class=\"attachment-large size-large wp-image-23656\" alt=\"Perguntas frequentes\" srcset=\"https:\/\/foxcheats.com.br\/home\/wp-content\/uploads\/2024\/12\/faq-1024x107.png 1024w, https:\/\/foxcheats.com.br\/home\/wp-content\/uploads\/2024\/12\/faq-300x31.png 300w, https:\/\/foxcheats.com.br\/home\/wp-content\/uploads\/2024\/12\/faq-768x80.png 768w, https:\/\/foxcheats.com.br\/home\/wp-content\/uploads\/2024\/12\/faq-1536x160.png 1536w, https:\/\/foxcheats.com.br\/home\/wp-content\/uploads\/2024\/12\/faq-1000x104.png 1000w, https:\/\/foxcheats.com.br\/home\/wp-content\/uploads\/2024\/12\/faq.png 1920w\" sizes=\"(max-width: 1024px) 100vw, 1024px\" \/>\t\t\t\t\t\t\t\t\t\t\t\t\t\t\t<\/div>\n\t\t\t\t<\/div>\n\t\t\t\t<div class=\"elementor-element elementor-element-85d72ab elementor-widget elementor-widget-text-editor\" data-id=\"85d72ab\" data-element_type=\"widget\" data-e-type=\"widget\" data-settings=\"{&quot;wdt_animation_effect&quot;:&quot;none&quot;}\" data-widget_type=\"text-editor.default\">\n\t\t\t\t<div class=\"elementor-widget-container\">\n\t\t\t\t\t\t\t\t\t<p><strong>Quais sistemas operacionais \u00e9 compat\u00edvel?<\/strong><\/p><p>R: Todos os sistemas operacionais que a microsoft oferece suporte<\/p><p><strong>Jogo atualizou hack n\u00e3o est\u00e1 funcionando, o que fazer?<\/strong><\/p><p>R: O conte\u00fado recebe atualiza\u00e7\u00e3o constante, entre em nosso discord para visualizar o status de cada produto. Nossa equipe sempre trabalha para atualiza\u00e7\u00f5es mais r\u00e1pida possivel.<\/p><p><strong>Quais formas de pagamento?<\/strong><\/p><p>Pix e cart\u00e3o de cr\u00e9dito<\/p><p><strong>Paguei como recebo o produto?<\/strong><\/p><p>Envio \u00e9 imediato ap\u00f3s a confirma\u00e7\u00e3o no email de compra, caso de problemas favor entrar em contato no discord.<\/p><p>Onde posso comprar?<\/p><p>Basta acessar o link: <a href=\"https:\/\/foxcheats.com.br\/home\/product\/grand-chase-classic\/\">Grand Chase Classic &#8211; 30 dias &#8211; FoxCheats<\/a><\/p>\t\t\t\t\t\t\t\t<\/div>\n\t\t\t\t<\/div>\n\t\t\t\t\t<\/div>\n\t\t<\/div>\n\t\t\t\t\t<\/div>\n\t\t<\/section>\n\t\t\t\t<\/div>\n\t\t","protected":false},"excerpt":{"rendered":"<p>Um dos FPS mais populares do mundo, e a FOX n\u00e3o poderia ficar de fora dessa, ent\u00e3o conhe\u00e7a o nosso produto especial para Counter Strike. ESP BOX Distance Lines Head Health Bar Skeleton AIM Personalizavel Visible Check Bones Priorization Quais sistemas operacionais \u00e9 compat\u00edvel? R: Todos os sistemas operacionais que a microsoft oferece suporte Jogo [&hellip;]<\/p>\n","protected":false},"author":1,"featured_media":0,"parent":0,"menu_order":0,"comment_status":"closed","ping_status":"closed","template":"","meta":{"footnotes":""},"class_list":["post-23827","page","type-page","status-publish","hentry"],"yoast_head":"<!-- This site is optimized with the Yoast SEO plugin v27.2 - https:\/\/yoast.com\/product\/yoast-seo-wordpress\/ -->\n<title>Counter Strike 2 - FoxCheats<\/title>\n<meta name=\"robots\" content=\"index, follow, max-snippet:-1, max-image-preview:large, max-video-preview:-1\" \/>\n<link rel=\"canonical\" href=\"https:\/\/foxcheats.com.br\/home\/cs2-2\/\" \/>\n<meta property=\"og:locale\" content=\"pt_BR\" \/>\n<meta property=\"og:type\" content=\"article\" \/>\n<meta property=\"og:title\" content=\"Counter Strike 2 - FoxCheats\" \/>\n<meta property=\"og:description\" content=\"Um dos FPS mais populares do mundo, e a FOX n\u00e3o poderia ficar de fora dessa, ent\u00e3o conhe\u00e7a o nosso produto especial para Counter Strike. ESP BOX Distance Lines Head Health Bar Skeleton AIM Personalizavel Visible Check Bones Priorization Quais sistemas operacionais \u00e9 compat\u00edvel? R: Todos os sistemas operacionais que a microsoft oferece suporte Jogo [&hellip;]\" \/>\n<meta property=\"og:url\" content=\"https:\/\/foxcheats.com.br\/home\/cs2-2\/\" \/>\n<meta property=\"og:site_name\" content=\"FoxCheats\" \/>\n<meta property=\"article:publisher\" content=\"https:\/\/www.facebook.com\/FoxCheats2022\" \/>\n<meta property=\"article:modified_time\" content=\"2025-07-31T22:24:26+00:00\" \/>\n<meta property=\"og:image\" content=\"https:\/\/foxcheats.com.br\/home\/wp-content\/uploads\/2024\/12\/info.png\" \/>\n\t<meta property=\"og:image:width\" content=\"1920\" \/>\n\t<meta property=\"og:image:height\" content=\"200\" \/>\n\t<meta property=\"og:image:type\" content=\"image\/png\" \/>\n<meta name=\"twitter:card\" content=\"summary_large_image\" \/>\n<meta name=\"twitter:label1\" content=\"Est. tempo de leitura\" \/>\n\t<meta name=\"twitter:data1\" content=\"2 minutos\" \/>\n<script type=\"application\/ld+json\" class=\"yoast-schema-graph\">{\"@context\":\"https:\/\/schema.org\",\"@graph\":[{\"@type\":\"WebPage\",\"@id\":\"https:\/\/foxcheats.com.br\/home\/cs2-2\/\",\"url\":\"https:\/\/foxcheats.com.br\/home\/cs2-2\/\",\"name\":\"Counter Strike 2 - FoxCheats\",\"isPartOf\":{\"@id\":\"https:\/\/foxcheats.com.br\/home\/#website\"},\"primaryImageOfPage\":{\"@id\":\"https:\/\/foxcheats.com.br\/home\/cs2-2\/#primaryimage\"},\"image\":{\"@id\":\"https:\/\/foxcheats.com.br\/home\/cs2-2\/#primaryimage\"},\"thumbnailUrl\":\"https:\/\/foxcheats.com.br\/home\/wp-content\/uploads\/2024\/12\/info-1024x107.png\",\"datePublished\":\"2024-12-14T13:58:47+00:00\",\"dateModified\":\"2025-07-31T22:24:26+00:00\",\"breadcrumb\":{\"@id\":\"https:\/\/foxcheats.com.br\/home\/cs2-2\/#breadcrumb\"},\"inLanguage\":\"pt-BR\",\"potentialAction\":[{\"@type\":\"ReadAction\",\"target\":[\"https:\/\/foxcheats.com.br\/home\/cs2-2\/\"]}]},{\"@type\":\"ImageObject\",\"inLanguage\":\"pt-BR\",\"@id\":\"https:\/\/foxcheats.com.br\/home\/cs2-2\/#primaryimage\",\"url\":\"https:\/\/foxcheats.com.br\/home\/wp-content\/uploads\/2024\/12\/info.png\",\"contentUrl\":\"https:\/\/foxcheats.com.br\/home\/wp-content\/uploads\/2024\/12\/info.png\",\"width\":1920,\"height\":200,\"caption\":\"Informa\u00e7\u00f5es iniciais do produto.\"},{\"@type\":\"BreadcrumbList\",\"@id\":\"https:\/\/foxcheats.com.br\/home\/cs2-2\/#breadcrumb\",\"itemListElement\":[{\"@type\":\"ListItem\",\"position\":1,\"name\":\"In\u00edcio\",\"item\":\"https:\/\/foxcheats.com.br\/home\/\"},{\"@type\":\"ListItem\",\"position\":2,\"name\":\"Counter Strike 2\"}]},{\"@type\":\"WebSite\",\"@id\":\"https:\/\/foxcheats.com.br\/home\/#website\",\"url\":\"https:\/\/foxcheats.com.br\/home\/\",\"name\":\"FoxCheats\",\"description\":\"Os melhores conte\u00fados\",\"publisher\":{\"@id\":\"https:\/\/foxcheats.com.br\/home\/#organization\"},\"potentialAction\":[{\"@type\":\"SearchAction\",\"target\":{\"@type\":\"EntryPoint\",\"urlTemplate\":\"https:\/\/foxcheats.com.br\/home\/?s={search_term_string}\"},\"query-input\":{\"@type\":\"PropertyValueSpecification\",\"valueRequired\":true,\"valueName\":\"search_term_string\"}}],\"inLanguage\":\"pt-BR\"},{\"@type\":\"Organization\",\"@id\":\"https:\/\/foxcheats.com.br\/home\/#organization\",\"name\":\"FoxCheats\",\"url\":\"https:\/\/foxcheats.com.br\/home\/\",\"logo\":{\"@type\":\"ImageObject\",\"inLanguage\":\"pt-BR\",\"@id\":\"https:\/\/foxcheats.com.br\/home\/#\/schema\/logo\/image\/\",\"url\":\"https:\/\/foxcheats.com.br\/home\/wp-content\/uploads\/2024\/11\/teste-logo-2.png\",\"contentUrl\":\"https:\/\/foxcheats.com.br\/home\/wp-content\/uploads\/2024\/11\/teste-logo-2.png\",\"width\":800,\"height\":200,\"caption\":\"FoxCheats\"},\"image\":{\"@id\":\"https:\/\/foxcheats.com.br\/home\/#\/schema\/logo\/image\/\"},\"sameAs\":[\"https:\/\/www.facebook.com\/FoxCheats2022\",\"https:\/\/instagram.com\/foxcheetos\"]}]}<\/script>\n<!-- \/ Yoast SEO plugin. -->","yoast_head_json":{"title":"Counter Strike 2 - FoxCheats","robots":{"index":"index","follow":"follow","max-snippet":"max-snippet:-1","max-image-preview":"max-image-preview:large","max-video-preview":"max-video-preview:-1"},"canonical":"https:\/\/foxcheats.com.br\/home\/cs2-2\/","og_locale":"pt_BR","og_type":"article","og_title":"Counter Strike 2 - FoxCheats","og_description":"Um dos FPS mais populares do mundo, e a FOX n\u00e3o poderia ficar de fora dessa, ent\u00e3o conhe\u00e7a o nosso produto especial para Counter Strike. ESP BOX Distance Lines Head Health Bar Skeleton AIM Personalizavel Visible Check Bones Priorization Quais sistemas operacionais \u00e9 compat\u00edvel? R: Todos os sistemas operacionais que a microsoft oferece suporte Jogo [&hellip;]","og_url":"https:\/\/foxcheats.com.br\/home\/cs2-2\/","og_site_name":"FoxCheats","article_publisher":"https:\/\/www.facebook.com\/FoxCheats2022","article_modified_time":"2025-07-31T22:24:26+00:00","og_image":[{"width":1920,"height":200,"url":"https:\/\/foxcheats.com.br\/home\/wp-content\/uploads\/2024\/12\/info.png","type":"image\/png"}],"twitter_card":"summary_large_image","twitter_misc":{"Est. tempo de leitura":"2 minutos"},"schema":{"@context":"https:\/\/schema.org","@graph":[{"@type":"WebPage","@id":"https:\/\/foxcheats.com.br\/home\/cs2-2\/","url":"https:\/\/foxcheats.com.br\/home\/cs2-2\/","name":"Counter Strike 2 - FoxCheats","isPartOf":{"@id":"https:\/\/foxcheats.com.br\/home\/#website"},"primaryImageOfPage":{"@id":"https:\/\/foxcheats.com.br\/home\/cs2-2\/#primaryimage"},"image":{"@id":"https:\/\/foxcheats.com.br\/home\/cs2-2\/#primaryimage"},"thumbnailUrl":"https:\/\/foxcheats.com.br\/home\/wp-content\/uploads\/2024\/12\/info-1024x107.png","datePublished":"2024-12-14T13:58:47+00:00","dateModified":"2025-07-31T22:24:26+00:00","breadcrumb":{"@id":"https:\/\/foxcheats.com.br\/home\/cs2-2\/#breadcrumb"},"inLanguage":"pt-BR","potentialAction":[{"@type":"ReadAction","target":["https:\/\/foxcheats.com.br\/home\/cs2-2\/"]}]},{"@type":"ImageObject","inLanguage":"pt-BR","@id":"https:\/\/foxcheats.com.br\/home\/cs2-2\/#primaryimage","url":"https:\/\/foxcheats.com.br\/home\/wp-content\/uploads\/2024\/12\/info.png","contentUrl":"https:\/\/foxcheats.com.br\/home\/wp-content\/uploads\/2024\/12\/info.png","width":1920,"height":200,"caption":"Informa\u00e7\u00f5es iniciais do produto."},{"@type":"BreadcrumbList","@id":"https:\/\/foxcheats.com.br\/home\/cs2-2\/#breadcrumb","itemListElement":[{"@type":"ListItem","position":1,"name":"In\u00edcio","item":"https:\/\/foxcheats.com.br\/home\/"},{"@type":"ListItem","position":2,"name":"Counter Strike 2"}]},{"@type":"WebSite","@id":"https:\/\/foxcheats.com.br\/home\/#website","url":"https:\/\/foxcheats.com.br\/home\/","name":"FoxCheats","description":"Os melhores conte\u00fados","publisher":{"@id":"https:\/\/foxcheats.com.br\/home\/#organization"},"potentialAction":[{"@type":"SearchAction","target":{"@type":"EntryPoint","urlTemplate":"https:\/\/foxcheats.com.br\/home\/?s={search_term_string}"},"query-input":{"@type":"PropertyValueSpecification","valueRequired":true,"valueName":"search_term_string"}}],"inLanguage":"pt-BR"},{"@type":"Organization","@id":"https:\/\/foxcheats.com.br\/home\/#organization","name":"FoxCheats","url":"https:\/\/foxcheats.com.br\/home\/","logo":{"@type":"ImageObject","inLanguage":"pt-BR","@id":"https:\/\/foxcheats.com.br\/home\/#\/schema\/logo\/image\/","url":"https:\/\/foxcheats.com.br\/home\/wp-content\/uploads\/2024\/11\/teste-logo-2.png","contentUrl":"https:\/\/foxcheats.com.br\/home\/wp-content\/uploads\/2024\/11\/teste-logo-2.png","width":800,"height":200,"caption":"FoxCheats"},"image":{"@id":"https:\/\/foxcheats.com.br\/home\/#\/schema\/logo\/image\/"},"sameAs":["https:\/\/www.facebook.com\/FoxCheats2022","https:\/\/instagram.com\/foxcheetos"]}]}},"amp_enabled":true,"_links":{"self":[{"href":"https:\/\/foxcheats.com.br\/home\/wp-json\/wp\/v2\/pages\/23827","targetHints":{"allow":["GET"]}}],"collection":[{"href":"https:\/\/foxcheats.com.br\/home\/wp-json\/wp\/v2\/pages"}],"about":[{"href":"https:\/\/foxcheats.com.br\/home\/wp-json\/wp\/v2\/types\/page"}],"author":[{"embeddable":true,"href":"https:\/\/foxcheats.com.br\/home\/wp-json\/wp\/v2\/users\/1"}],"replies":[{"embeddable":true,"href":"https:\/\/foxcheats.com.br\/home\/wp-json\/wp\/v2\/comments?post=23827"}],"version-history":[{"count":13,"href":"https:\/\/foxcheats.com.br\/home\/wp-json\/wp\/v2\/pages\/23827\/revisions"}],"predecessor-version":[{"id":26905,"href":"https:\/\/foxcheats.com.br\/home\/wp-json\/wp\/v2\/pages\/23827\/revisions\/26905"}],"wp:attachment":[{"href":"https:\/\/foxcheats.com.br\/home\/wp-json\/wp\/v2\/media?parent=23827"}],"curies":[{"name":"wp","href":"https:\/\/api.w.org\/{rel}","templated":true}]}}