
{"id":23812,"date":"2024-12-14T10:45:04","date_gmt":"2024-12-14T13:45:04","guid":{"rendered":"https:\/\/foxcheats.com.br\/home\/?page_id=23812"},"modified":"2025-09-23T19:36:28","modified_gmt":"2025-09-23T22:36:28","slug":"valorant","status":"publish","type":"page","link":"https:\/\/foxcheats.com.br\/home\/valorant\/","title":{"rendered":"Valorant"},"content":{"rendered":"\t\t<div data-elementor-type=\"wp-page\" data-elementor-id=\"23812\" class=\"elementor elementor-23812\">\n\t\t\t\t\t\t<section class=\"elementor-section elementor-top-section elementor-element elementor-element-266bdb2 elementor-section-boxed elementor-section-height-default elementor-section-height-default\" data-id=\"266bdb2\" data-element_type=\"section\" data-e-type=\"section\" data-settings=\"{&quot;wdt_bg_image&quot;:{&quot;url&quot;:&quot;&quot;,&quot;id&quot;:&quot;&quot;,&quot;size&quot;:&quot;&quot;},&quot;wdt_bg_image_laptop&quot;:{&quot;url&quot;:&quot;&quot;,&quot;id&quot;:&quot;&quot;,&quot;size&quot;:&quot;&quot;},&quot;wdt_bg_image_tablet_extra&quot;:{&quot;url&quot;:&quot;&quot;,&quot;id&quot;:&quot;&quot;,&quot;size&quot;:&quot;&quot;},&quot;wdt_bg_image_tablet&quot;:{&quot;url&quot;:&quot;&quot;,&quot;id&quot;:&quot;&quot;,&quot;size&quot;:&quot;&quot;},&quot;wdt_bg_image_mobile_extra&quot;:{&quot;url&quot;:&quot;&quot;,&quot;id&quot;:&quot;&quot;,&quot;size&quot;:&quot;&quot;},&quot;wdt_bg_image_mobile&quot;:{&quot;url&quot;:&quot;&quot;,&quot;id&quot;:&quot;&quot;,&quot;size&quot;:&quot;&quot;},&quot;wdt_bg_position&quot;:&quot;center center&quot;,&quot;wdt_animation_effect&quot;:&quot;none&quot;}\">\n\t\t\t\t\t\t<div class=\"elementor-container elementor-column-gap-default\">\n\t\t\t\t\t<div class=\"elementor-column elementor-col-100 elementor-top-column elementor-element elementor-element-dc8189d\" data-id=\"dc8189d\" data-element_type=\"column\" data-e-type=\"column\">\n\t\t\t<div class=\"elementor-widget-wrap elementor-element-populated\">\n\t\t\t\t\t\t<div class=\"elementor-element elementor-element-3d09fb5 elementor-widget elementor-widget-image\" data-id=\"3d09fb5\" data-element_type=\"widget\" data-e-type=\"widget\" data-settings=\"{&quot;wdt_animation_effect&quot;:&quot;none&quot;}\" data-widget_type=\"image.default\">\n\t\t\t\t<div class=\"elementor-widget-container\">\n\t\t\t\t\t\t\t\t\t\t\t\t\t\t\t<img fetchpriority=\"high\" decoding=\"async\" width=\"1024\" height=\"107\" src=\"https:\/\/foxcheats.com.br\/home\/wp-content\/uploads\/2024\/12\/info-1024x107.png\" class=\"attachment-large size-large wp-image-23658\" alt=\"Informa\u00e7\u00f5es iniciais do produto.\" srcset=\"https:\/\/foxcheats.com.br\/home\/wp-content\/uploads\/2024\/12\/info-1024x107.png 1024w, https:\/\/foxcheats.com.br\/home\/wp-content\/uploads\/2024\/12\/info-300x31.png 300w, https:\/\/foxcheats.com.br\/home\/wp-content\/uploads\/2024\/12\/info-768x80.png 768w, https:\/\/foxcheats.com.br\/home\/wp-content\/uploads\/2024\/12\/info-1536x160.png 1536w, https:\/\/foxcheats.com.br\/home\/wp-content\/uploads\/2024\/12\/info-1000x104.png 1000w, https:\/\/foxcheats.com.br\/home\/wp-content\/uploads\/2024\/12\/info.png 1920w\" sizes=\"(max-width: 1024px) 100vw, 1024px\" \/>\t\t\t\t\t\t\t\t\t\t\t\t\t\t\t<\/div>\n\t\t\t\t<\/div>\n\t\t\t\t<div class=\"elementor-element elementor-element-bb7b487 elementor-widget elementor-widget-text-editor\" data-id=\"bb7b487\" data-element_type=\"widget\" data-e-type=\"widget\" data-settings=\"{&quot;wdt_animation_effect&quot;:&quot;none&quot;}\" data-widget_type=\"text-editor.default\">\n\t\t\t\t<div class=\"elementor-widget-container\">\n\t\t\t\t\t\t\t\t\t<p>Somos especialistas nos produtos de Valorant, contendo diversas op\u00e7\u00f5es, com toda certeza uma delas vai te agradar, al\u00e9m disso todos os produtos funcionam com HVCI Ligado ou desligado, compat\u00edvel com AMD e Intel, Windows 10 e 11.<\/p>\t\t\t\t\t\t\t\t<\/div>\n\t\t\t\t<\/div>\n\t\t\t\t<div class=\"elementor-element elementor-element-af03bbd elementor-widget elementor-widget-image\" data-id=\"af03bbd\" data-element_type=\"widget\" data-e-type=\"widget\" data-settings=\"{&quot;wdt_animation_effect&quot;:&quot;none&quot;}\" data-widget_type=\"image.default\">\n\t\t\t\t<div class=\"elementor-widget-container\">\n\t\t\t\t\t\t\t\t\t\t\t\t\t\t\t<img decoding=\"async\" width=\"1024\" height=\"107\" src=\"https:\/\/foxcheats.com.br\/home\/wp-content\/uploads\/2024\/12\/funcoes-1024x107.png\" class=\"attachment-large size-large wp-image-23657\" alt=\"Descri\u00e7\u00e3o de fun\u00e7\u00f5es do hack\" srcset=\"https:\/\/foxcheats.com.br\/home\/wp-content\/uploads\/2024\/12\/funcoes-1024x107.png 1024w, https:\/\/foxcheats.com.br\/home\/wp-content\/uploads\/2024\/12\/funcoes-300x31.png 300w, https:\/\/foxcheats.com.br\/home\/wp-content\/uploads\/2024\/12\/funcoes-768x80.png 768w, https:\/\/foxcheats.com.br\/home\/wp-content\/uploads\/2024\/12\/funcoes-1536x160.png 1536w, https:\/\/foxcheats.com.br\/home\/wp-content\/uploads\/2024\/12\/funcoes-1000x104.png 1000w, https:\/\/foxcheats.com.br\/home\/wp-content\/uploads\/2024\/12\/funcoes.png 1920w\" sizes=\"(max-width: 1024px) 100vw, 1024px\" \/>\t\t\t\t\t\t\t\t\t\t\t\t\t\t\t<\/div>\n\t\t\t\t<\/div>\n\t\t\t\t<div class=\"elementor-element elementor-element-9f8c590 elementor-widget elementor-widget-text-editor\" data-id=\"9f8c590\" data-element_type=\"widget\" data-e-type=\"widget\" data-settings=\"{&quot;wdt_animation_effect&quot;:&quot;none&quot;}\" data-widget_type=\"text-editor.default\">\n\t\t\t\t<div class=\"elementor-widget-container\">\n\t\t\t\t\t\t\t\t\t<p><span style=\"color: #800080;\"><strong>VALORANT ESP<\/strong><\/span><\/p><ul><li>2D &#8211; Desenha uma caixa no inimigo<\/li><li>Box &#8211; Outro tipo de caixa no inimigo<\/li><li>Linha &#8211; Desenha uma linha at\u00e9 o inimigo<\/li><li>Distancia &#8211; Mostra a distancia em Metros do inimigo<\/li><li>Health &#8211; Mostra a barra de vida do inimigo<\/li><li>Head Point &#8211; Desenha um ponto na cabe\u00e7a<\/li><li>Esqueleto &#8211; Desenha o esqueleto do inimigo<\/li><li>Team\/Bot &#8211; desenha no seu proprio time e em bots<\/li><li>Aimbot &#8211; Move sua mira para o bone selecionado<\/li><\/ul><p><span style=\"color: #800080;\"><strong>VALORANT AIM<\/strong><\/span><\/p><ul><li>Flick Mode &#8211; Ao atirar, a mira ir\u00e1 puxar para o local selecionado<\/li><li>Spray Mode &#8211; Ao segurar o bot\u00e3o de atirar, ir\u00e1 puxar para o local selecionado corrigindo um pouco do recoil<\/li><li>Flick Mode + Spray Mode &#8211; Ambos acima<\/li><li>UNICO COMO MODO AUTOMATICO &#8211; MIRA PUXA SOZINHA<\/li><li>TRIGGERBOT &#8211; QUANDO O INIMIGO PASSA POR CIMA DA MIRA, ATIRA SOZINHO<\/li><li>SILENT AIM &#8211; \u00e0 olho n\u00fa sua mira ficar\u00e1 parada e a bala mudar\u00e1 de trajet\u00f3ria<\/li><\/ul>\t\t\t\t\t\t\t\t<\/div>\n\t\t\t\t<\/div>\n\t\t\t\t<div class=\"elementor-element elementor-element-37fd37b elementor-widget elementor-widget-image\" data-id=\"37fd37b\" data-element_type=\"widget\" data-e-type=\"widget\" data-settings=\"{&quot;wdt_animation_effect&quot;:&quot;none&quot;}\" data-widget_type=\"image.default\">\n\t\t\t\t<div class=\"elementor-widget-container\">\n\t\t\t\t\t\t\t\t\t\t\t\t\t\t\t<img decoding=\"async\" width=\"1024\" height=\"107\" src=\"https:\/\/foxcheats.com.br\/home\/wp-content\/uploads\/2024\/12\/demo-1024x107.png\" class=\"attachment-large size-large wp-image-23655\" alt=\"Demonstra\u00e7\u00e3o de funcionamento\" srcset=\"https:\/\/foxcheats.com.br\/home\/wp-content\/uploads\/2024\/12\/demo-1024x107.png 1024w, https:\/\/foxcheats.com.br\/home\/wp-content\/uploads\/2024\/12\/demo-300x31.png 300w, https:\/\/foxcheats.com.br\/home\/wp-content\/uploads\/2024\/12\/demo-768x80.png 768w, https:\/\/foxcheats.com.br\/home\/wp-content\/uploads\/2024\/12\/demo-1536x160.png 1536w, https:\/\/foxcheats.com.br\/home\/wp-content\/uploads\/2024\/12\/demo-1000x104.png 1000w, https:\/\/foxcheats.com.br\/home\/wp-content\/uploads\/2024\/12\/demo.png 1920w\" sizes=\"(max-width: 1024px) 100vw, 1024px\" \/>\t\t\t\t\t\t\t\t\t\t\t\t\t\t\t<\/div>\n\t\t\t\t<\/div>\n\t\t\t\t<div class=\"elementor-element elementor-element-c8df024 elementor-widget elementor-widget-video\" data-id=\"c8df024\" data-element_type=\"widget\" data-e-type=\"widget\" data-settings=\"{&quot;youtube_url&quot;:&quot;https:\\\/\\\/www.youtube.com\\\/watch?v=5UTo1Fvr7lk&quot;,&quot;video_type&quot;:&quot;youtube&quot;,&quot;controls&quot;:&quot;yes&quot;,&quot;wdt_animation_effect&quot;:&quot;none&quot;}\" data-widget_type=\"video.default\">\n\t\t\t\t<div class=\"elementor-widget-container\">\n\t\t\t\t\t\t\t<div class=\"elementor-wrapper elementor-open-inline\">\n\t\t\t<div class=\"elementor-video\"><\/div>\t\t<\/div>\n\t\t\t\t\t\t<\/div>\n\t\t\t\t<\/div>\n\t\t\t\t<div class=\"elementor-element elementor-element-c6f15dd elementor-widget elementor-widget-image\" data-id=\"c6f15dd\" data-element_type=\"widget\" data-e-type=\"widget\" data-settings=\"{&quot;wdt_animation_effect&quot;:&quot;none&quot;}\" data-widget_type=\"image.default\">\n\t\t\t\t<div class=\"elementor-widget-container\">\n\t\t\t\t\t\t\t\t\t\t\t\t\t\t\t<img loading=\"lazy\" decoding=\"async\" width=\"1024\" height=\"107\" src=\"https:\/\/foxcheats.com.br\/home\/wp-content\/uploads\/2024\/12\/faq-1024x107.png\" class=\"attachment-large size-large wp-image-23656\" alt=\"Perguntas frequentes\" srcset=\"https:\/\/foxcheats.com.br\/home\/wp-content\/uploads\/2024\/12\/faq-1024x107.png 1024w, https:\/\/foxcheats.com.br\/home\/wp-content\/uploads\/2024\/12\/faq-300x31.png 300w, https:\/\/foxcheats.com.br\/home\/wp-content\/uploads\/2024\/12\/faq-768x80.png 768w, https:\/\/foxcheats.com.br\/home\/wp-content\/uploads\/2024\/12\/faq-1536x160.png 1536w, https:\/\/foxcheats.com.br\/home\/wp-content\/uploads\/2024\/12\/faq-1000x104.png 1000w, https:\/\/foxcheats.com.br\/home\/wp-content\/uploads\/2024\/12\/faq.png 1920w\" sizes=\"(max-width: 1024px) 100vw, 1024px\" \/>\t\t\t\t\t\t\t\t\t\t\t\t\t\t\t<\/div>\n\t\t\t\t<\/div>\n\t\t\t\t<div class=\"elementor-element elementor-element-86ec840 elementor-widget elementor-widget-text-editor\" data-id=\"86ec840\" data-element_type=\"widget\" data-e-type=\"widget\" data-settings=\"{&quot;wdt_animation_effect&quot;:&quot;none&quot;}\" data-widget_type=\"text-editor.default\">\n\t\t\t\t<div class=\"elementor-widget-container\">\n\t\t\t\t\t\t\t\t\t<p><strong>Quais sistemas operacionais \u00e9 compat\u00edvel?<\/strong><\/p><p>R: Todos os sistemas operacionais que a microsoft oferece suporte<\/p><p><strong>Jogo atualizou hack n\u00e3o est\u00e1 funcionando, o que fazer?<\/strong><\/p><p>R: O conte\u00fado recebe atualiza\u00e7\u00e3o constante, entre em nosso discord para visualizar o status de cada produto. Nossa equipe sempre trabalha para atualiza\u00e7\u00f5es mais r\u00e1pida possivel.<\/p><p><strong>Quais formas de pagamento?<\/strong><\/p><p>Pix e cart\u00e3o de cr\u00e9dito<\/p><p><strong>Paguei como recebo o produto?<\/strong><\/p><p>Envio \u00e9 imediato ap\u00f3s a confirma\u00e7\u00e3o no email de compra, caso de problemas favor entrar em contato no discord.<\/p><p><strong>Onde posso comprar?<\/strong><\/p><p>Basta acessar o link e escolher seu produto: <a href=\"https:\/\/foxcheats.com.br\/home\/product-category\/valorant\/\">Arquivo de Valorant &#8211; FoxCheats<\/a><\/p>\t\t\t\t\t\t\t\t<\/div>\n\t\t\t\t<\/div>\n\t\t\t\t\t<\/div>\n\t\t<\/div>\n\t\t\t\t\t<\/div>\n\t\t<\/section>\n\t\t\t\t<section class=\"elementor-section elementor-top-section elementor-element elementor-element-06c8ec8 elementor-section-boxed elementor-section-height-default elementor-section-height-default\" data-id=\"06c8ec8\" data-element_type=\"section\" data-e-type=\"section\" data-settings=\"{&quot;wdt_bg_image&quot;:{&quot;url&quot;:&quot;&quot;,&quot;id&quot;:&quot;&quot;,&quot;size&quot;:&quot;&quot;},&quot;wdt_bg_image_laptop&quot;:{&quot;url&quot;:&quot;&quot;,&quot;id&quot;:&quot;&quot;,&quot;size&quot;:&quot;&quot;},&quot;wdt_bg_image_tablet_extra&quot;:{&quot;url&quot;:&quot;&quot;,&quot;id&quot;:&quot;&quot;,&quot;size&quot;:&quot;&quot;},&quot;wdt_bg_image_tablet&quot;:{&quot;url&quot;:&quot;&quot;,&quot;id&quot;:&quot;&quot;,&quot;size&quot;:&quot;&quot;},&quot;wdt_bg_image_mobile_extra&quot;:{&quot;url&quot;:&quot;&quot;,&quot;id&quot;:&quot;&quot;,&quot;size&quot;:&quot;&quot;},&quot;wdt_bg_image_mobile&quot;:{&quot;url&quot;:&quot;&quot;,&quot;id&quot;:&quot;&quot;,&quot;size&quot;:&quot;&quot;},&quot;wdt_bg_position&quot;:&quot;center center&quot;,&quot;wdt_animation_effect&quot;:&quot;none&quot;}\">\n\t\t\t\t\t\t<div class=\"elementor-container elementor-column-gap-default\">\n\t\t\t\t\t<div class=\"elementor-column elementor-col-100 elementor-top-column elementor-element elementor-element-5173ce4\" data-id=\"5173ce4\" data-element_type=\"column\" data-e-type=\"column\">\n\t\t\t<div class=\"elementor-widget-wrap\">\n\t\t\t\t\t\t\t<\/div>\n\t\t<\/div>\n\t\t\t\t\t<\/div>\n\t\t<\/section>\n\t\t\t\t<\/div>\n\t\t","protected":false},"excerpt":{"rendered":"<p>Somos especialistas nos produtos de Valorant, contendo diversas op\u00e7\u00f5es, com toda certeza uma delas vai te agradar, al\u00e9m disso todos os produtos funcionam com HVCI Ligado ou desligado, compat\u00edvel com AMD e Intel, Windows 10 e 11. VALORANT ESP 2D &#8211; Desenha uma caixa no inimigo Box &#8211; Outro tipo de caixa no inimigo Linha [&hellip;]<\/p>\n","protected":false},"author":1,"featured_media":0,"parent":0,"menu_order":0,"comment_status":"closed","ping_status":"closed","template":"","meta":{"footnotes":""},"class_list":["post-23812","page","type-page","status-publish","hentry"],"yoast_head":"<!-- This site is optimized with the Yoast SEO plugin v27.2 - https:\/\/yoast.com\/product\/yoast-seo-wordpress\/ -->\n<title>Valorant - FoxCheats<\/title>\n<meta name=\"description\" content=\"Os melhores hacks para Valorant voce s\u00f3 encontra na FOX, com varias op\u00e7\u00f5es como color aim, wallhack, esp e position aimbot.\" \/>\n<meta name=\"robots\" content=\"index, follow, max-snippet:-1, max-image-preview:large, max-video-preview:-1\" \/>\n<link rel=\"canonical\" href=\"https:\/\/foxcheats.com.br\/home\/valorant\/\" \/>\n<meta property=\"og:locale\" content=\"pt_BR\" \/>\n<meta property=\"og:type\" content=\"article\" \/>\n<meta property=\"og:title\" content=\"Valorant - FoxCheats\" \/>\n<meta property=\"og:description\" content=\"Os melhores hacks para Valorant voce s\u00f3 encontra na FOX, com varias op\u00e7\u00f5es como color aim, wallhack, esp e position aimbot.\" \/>\n<meta property=\"og:url\" content=\"https:\/\/foxcheats.com.br\/home\/valorant\/\" \/>\n<meta property=\"og:site_name\" content=\"FoxCheats\" \/>\n<meta property=\"article:publisher\" content=\"https:\/\/www.facebook.com\/FoxCheats2022\" \/>\n<meta property=\"article:modified_time\" content=\"2025-09-23T22:36:28+00:00\" \/>\n<meta property=\"og:image\" content=\"https:\/\/foxcheats.com.br\/home\/wp-content\/uploads\/2024\/12\/info.png\" \/>\n\t<meta property=\"og:image:width\" content=\"1920\" \/>\n\t<meta property=\"og:image:height\" content=\"200\" \/>\n\t<meta property=\"og:image:type\" content=\"image\/png\" \/>\n<meta name=\"twitter:card\" content=\"summary_large_image\" \/>\n<meta name=\"twitter:label1\" content=\"Est. tempo de leitura\" \/>\n\t<meta name=\"twitter:data1\" content=\"3 minutos\" \/>\n<script type=\"application\/ld+json\" class=\"yoast-schema-graph\">{\"@context\":\"https:\/\/schema.org\",\"@graph\":[{\"@type\":\"WebPage\",\"@id\":\"https:\/\/foxcheats.com.br\/home\/valorant\/\",\"url\":\"https:\/\/foxcheats.com.br\/home\/valorant\/\",\"name\":\"Valorant - FoxCheats\",\"isPartOf\":{\"@id\":\"https:\/\/foxcheats.com.br\/home\/#website\"},\"primaryImageOfPage\":{\"@id\":\"https:\/\/foxcheats.com.br\/home\/valorant\/#primaryimage\"},\"image\":{\"@id\":\"https:\/\/foxcheats.com.br\/home\/valorant\/#primaryimage\"},\"thumbnailUrl\":\"https:\/\/foxcheats.com.br\/home\/wp-content\/uploads\/2024\/12\/info-1024x107.png\",\"datePublished\":\"2024-12-14T13:45:04+00:00\",\"dateModified\":\"2025-09-23T22:36:28+00:00\",\"description\":\"Os melhores hacks para Valorant voce s\u00f3 encontra na FOX, com varias op\u00e7\u00f5es como color aim, wallhack, esp e position aimbot.\",\"breadcrumb\":{\"@id\":\"https:\/\/foxcheats.com.br\/home\/valorant\/#breadcrumb\"},\"inLanguage\":\"pt-BR\",\"potentialAction\":[{\"@type\":\"ReadAction\",\"target\":[\"https:\/\/foxcheats.com.br\/home\/valorant\/\"]}]},{\"@type\":\"ImageObject\",\"inLanguage\":\"pt-BR\",\"@id\":\"https:\/\/foxcheats.com.br\/home\/valorant\/#primaryimage\",\"url\":\"https:\/\/foxcheats.com.br\/home\/wp-content\/uploads\/2024\/12\/info.png\",\"contentUrl\":\"https:\/\/foxcheats.com.br\/home\/wp-content\/uploads\/2024\/12\/info.png\",\"width\":1920,\"height\":200,\"caption\":\"Informa\u00e7\u00f5es iniciais do produto.\"},{\"@type\":\"BreadcrumbList\",\"@id\":\"https:\/\/foxcheats.com.br\/home\/valorant\/#breadcrumb\",\"itemListElement\":[{\"@type\":\"ListItem\",\"position\":1,\"name\":\"In\u00edcio\",\"item\":\"https:\/\/foxcheats.com.br\/home\/\"},{\"@type\":\"ListItem\",\"position\":2,\"name\":\"Valorant\"}]},{\"@type\":\"WebSite\",\"@id\":\"https:\/\/foxcheats.com.br\/home\/#website\",\"url\":\"https:\/\/foxcheats.com.br\/home\/\",\"name\":\"FoxCheats\",\"description\":\"Os melhores conte\u00fados\",\"publisher\":{\"@id\":\"https:\/\/foxcheats.com.br\/home\/#organization\"},\"potentialAction\":[{\"@type\":\"SearchAction\",\"target\":{\"@type\":\"EntryPoint\",\"urlTemplate\":\"https:\/\/foxcheats.com.br\/home\/?s={search_term_string}\"},\"query-input\":{\"@type\":\"PropertyValueSpecification\",\"valueRequired\":true,\"valueName\":\"search_term_string\"}}],\"inLanguage\":\"pt-BR\"},{\"@type\":\"Organization\",\"@id\":\"https:\/\/foxcheats.com.br\/home\/#organization\",\"name\":\"FoxCheats\",\"url\":\"https:\/\/foxcheats.com.br\/home\/\",\"logo\":{\"@type\":\"ImageObject\",\"inLanguage\":\"pt-BR\",\"@id\":\"https:\/\/foxcheats.com.br\/home\/#\/schema\/logo\/image\/\",\"url\":\"https:\/\/foxcheats.com.br\/home\/wp-content\/uploads\/2024\/11\/teste-logo-2.png\",\"contentUrl\":\"https:\/\/foxcheats.com.br\/home\/wp-content\/uploads\/2024\/11\/teste-logo-2.png\",\"width\":800,\"height\":200,\"caption\":\"FoxCheats\"},\"image\":{\"@id\":\"https:\/\/foxcheats.com.br\/home\/#\/schema\/logo\/image\/\"},\"sameAs\":[\"https:\/\/www.facebook.com\/FoxCheats2022\",\"https:\/\/instagram.com\/foxcheetos\"]}]}<\/script>\n<!-- \/ Yoast SEO plugin. -->","yoast_head_json":{"title":"Valorant - FoxCheats","description":"Os melhores hacks para Valorant voce s\u00f3 encontra na FOX, com varias op\u00e7\u00f5es como color aim, wallhack, esp e position aimbot.","robots":{"index":"index","follow":"follow","max-snippet":"max-snippet:-1","max-image-preview":"max-image-preview:large","max-video-preview":"max-video-preview:-1"},"canonical":"https:\/\/foxcheats.com.br\/home\/valorant\/","og_locale":"pt_BR","og_type":"article","og_title":"Valorant - FoxCheats","og_description":"Os melhores hacks para Valorant voce s\u00f3 encontra na FOX, com varias op\u00e7\u00f5es como color aim, wallhack, esp e position aimbot.","og_url":"https:\/\/foxcheats.com.br\/home\/valorant\/","og_site_name":"FoxCheats","article_publisher":"https:\/\/www.facebook.com\/FoxCheats2022","article_modified_time":"2025-09-23T22:36:28+00:00","og_image":[{"width":1920,"height":200,"url":"https:\/\/foxcheats.com.br\/home\/wp-content\/uploads\/2024\/12\/info.png","type":"image\/png"}],"twitter_card":"summary_large_image","twitter_misc":{"Est. tempo de leitura":"3 minutos"},"schema":{"@context":"https:\/\/schema.org","@graph":[{"@type":"WebPage","@id":"https:\/\/foxcheats.com.br\/home\/valorant\/","url":"https:\/\/foxcheats.com.br\/home\/valorant\/","name":"Valorant - FoxCheats","isPartOf":{"@id":"https:\/\/foxcheats.com.br\/home\/#website"},"primaryImageOfPage":{"@id":"https:\/\/foxcheats.com.br\/home\/valorant\/#primaryimage"},"image":{"@id":"https:\/\/foxcheats.com.br\/home\/valorant\/#primaryimage"},"thumbnailUrl":"https:\/\/foxcheats.com.br\/home\/wp-content\/uploads\/2024\/12\/info-1024x107.png","datePublished":"2024-12-14T13:45:04+00:00","dateModified":"2025-09-23T22:36:28+00:00","description":"Os melhores hacks para Valorant voce s\u00f3 encontra na FOX, com varias op\u00e7\u00f5es como color aim, wallhack, esp e position aimbot.","breadcrumb":{"@id":"https:\/\/foxcheats.com.br\/home\/valorant\/#breadcrumb"},"inLanguage":"pt-BR","potentialAction":[{"@type":"ReadAction","target":["https:\/\/foxcheats.com.br\/home\/valorant\/"]}]},{"@type":"ImageObject","inLanguage":"pt-BR","@id":"https:\/\/foxcheats.com.br\/home\/valorant\/#primaryimage","url":"https:\/\/foxcheats.com.br\/home\/wp-content\/uploads\/2024\/12\/info.png","contentUrl":"https:\/\/foxcheats.com.br\/home\/wp-content\/uploads\/2024\/12\/info.png","width":1920,"height":200,"caption":"Informa\u00e7\u00f5es iniciais do produto."},{"@type":"BreadcrumbList","@id":"https:\/\/foxcheats.com.br\/home\/valorant\/#breadcrumb","itemListElement":[{"@type":"ListItem","position":1,"name":"In\u00edcio","item":"https:\/\/foxcheats.com.br\/home\/"},{"@type":"ListItem","position":2,"name":"Valorant"}]},{"@type":"WebSite","@id":"https:\/\/foxcheats.com.br\/home\/#website","url":"https:\/\/foxcheats.com.br\/home\/","name":"FoxCheats","description":"Os melhores conte\u00fados","publisher":{"@id":"https:\/\/foxcheats.com.br\/home\/#organization"},"potentialAction":[{"@type":"SearchAction","target":{"@type":"EntryPoint","urlTemplate":"https:\/\/foxcheats.com.br\/home\/?s={search_term_string}"},"query-input":{"@type":"PropertyValueSpecification","valueRequired":true,"valueName":"search_term_string"}}],"inLanguage":"pt-BR"},{"@type":"Organization","@id":"https:\/\/foxcheats.com.br\/home\/#organization","name":"FoxCheats","url":"https:\/\/foxcheats.com.br\/home\/","logo":{"@type":"ImageObject","inLanguage":"pt-BR","@id":"https:\/\/foxcheats.com.br\/home\/#\/schema\/logo\/image\/","url":"https:\/\/foxcheats.com.br\/home\/wp-content\/uploads\/2024\/11\/teste-logo-2.png","contentUrl":"https:\/\/foxcheats.com.br\/home\/wp-content\/uploads\/2024\/11\/teste-logo-2.png","width":800,"height":200,"caption":"FoxCheats"},"image":{"@id":"https:\/\/foxcheats.com.br\/home\/#\/schema\/logo\/image\/"},"sameAs":["https:\/\/www.facebook.com\/FoxCheats2022","https:\/\/instagram.com\/foxcheetos"]}]}},"amp_enabled":true,"_links":{"self":[{"href":"https:\/\/foxcheats.com.br\/home\/wp-json\/wp\/v2\/pages\/23812","targetHints":{"allow":["GET"]}}],"collection":[{"href":"https:\/\/foxcheats.com.br\/home\/wp-json\/wp\/v2\/pages"}],"about":[{"href":"https:\/\/foxcheats.com.br\/home\/wp-json\/wp\/v2\/types\/page"}],"author":[{"embeddable":true,"href":"https:\/\/foxcheats.com.br\/home\/wp-json\/wp\/v2\/users\/1"}],"replies":[{"embeddable":true,"href":"https:\/\/foxcheats.com.br\/home\/wp-json\/wp\/v2\/comments?post=23812"}],"version-history":[{"count":26,"href":"https:\/\/foxcheats.com.br\/home\/wp-json\/wp\/v2\/pages\/23812\/revisions"}],"predecessor-version":[{"id":27375,"href":"https:\/\/foxcheats.com.br\/home\/wp-json\/wp\/v2\/pages\/23812\/revisions\/27375"}],"wp:attachment":[{"href":"https:\/\/foxcheats.com.br\/home\/wp-json\/wp\/v2\/media?parent=23812"}],"curies":[{"name":"wp","href":"https:\/\/api.w.org\/{rel}","templated":true}]}}